{"id":28962,"date":"2023-04-24T09:45:32","date_gmt":"2023-04-24T07:45:32","guid":{"rendered":"https:\/\/bw103.brentex-webprojekt.ch\/?page_id=28962"},"modified":"2023-12-14T12:52:01","modified_gmt":"2023-12-14T11:52:01","slug":"holzfassadenbau","status":"publish","type":"page","link":"https:\/\/www.wiba-bauspenglerei.ch\/en\/holzfassadenbau\/","title":{"rendered":"Wooden facade"},"content":{"rendered":"<div data-elementor-type=\"wp-page\" data-elementor-id=\"28962\" class=\"elementor elementor-28962\" data-elementor-post-type=\"page\">\n\t\t\t\t\t\t<section class=\"elementor-section elementor-top-section elementor-element elementor-element-52141c8 elementor-section-height-min-height elementor-section-boxed elementor-section-height-default elementor-section-items-middle\" data-id=\"52141c8\" data-element_type=\"section\" data-settings=\"{&quot;_ha_eqh_enable&quot;:false}\">\n\t\t\t\t\t\t<div class=\"elementor-container elementor-column-gap-default\">\n\t\t\t\t\t<div class=\"elementor-column elementor-col-100 elementor-top-column elementor-element elementor-element-d3dfdc8\" data-id=\"d3dfdc8\" data-element_type=\"column\">\n\t\t\t<div class=\"elementor-widget-wrap elementor-element-populated\">\n\t\t\t\t\t\t<div class=\"elementor-element elementor-element-7a639df elementor-widget__width-auto elementor-widget elementor-widget-heading\" data-id=\"7a639df\" data-element_type=\"widget\" data-widget_type=\"heading.default\">\n\t\t\t\t<div class=\"elementor-widget-container\">\n\t\t\t<h2 class=\"elementor-heading-title elementor-size-default\">Wooden facade<\/h2>\t\t<\/div>\n\t\t\t\t<\/div>\n\t\t\t\t<div class=\"elementor-element elementor-element-0439f75 elementor-widget elementor-widget-heading\" data-id=\"0439f75\" data-element_type=\"widget\" data-widget_type=\"heading.default\">\n\t\t\t\t<div class=\"elementor-widget-container\">\n\t\t\t<h2 class=\"elementor-heading-title elementor-size-default\">A new cladding<\/h2>\t\t<\/div>\n\t\t\t\t<\/div>\n\t\t\t\t\t<\/div>\n\t\t<\/div>\n\t\t\t\t\t<\/div>\n\t\t<\/section>\n\t\t\t\t<section class=\"elementor-section elementor-top-section elementor-element elementor-element-d3c5d86 elementor-section-boxed elementor-section-height-default elementor-section-height-default\" data-id=\"d3c5d86\" data-element_type=\"section\" data-settings=\"{&quot;background_background&quot;:&quot;classic&quot;,&quot;_ha_eqh_enable&quot;:false}\">\n\t\t\t\t\t\t<div class=\"elementor-container elementor-column-gap-default\">\n\t\t\t\t\t<div class=\"elementor-column elementor-col-100 elementor-top-column elementor-element elementor-element-f08c671\" data-id=\"f08c671\" data-element_type=\"column\" data-settings=\"{&quot;background_background&quot;:&quot;classic&quot;}\">\n\t\t\t<div class=\"elementor-widget-wrap elementor-element-populated\">\n\t\t\t\t\t\t<div class=\"elementor-element elementor-element-044fd24 elementor-widget elementor-widget-spacer\" data-id=\"044fd24\" data-element_type=\"widget\" data-widget_type=\"spacer.default\">\n\t\t\t\t<div class=\"elementor-widget-container\">\n\t\t\t\t\t<div class=\"elementor-spacer\">\n\t\t\t<div class=\"elementor-spacer-inner\"><\/div>\n\t\t<\/div>\n\t\t\t\t<\/div>\n\t\t\t\t<\/div>\n\t\t\t\t\t<\/div>\n\t\t<\/div>\n\t\t\t\t\t<\/div>\n\t\t<\/section>\n\t\t\t\t<section class=\"elementor-section elementor-top-section elementor-element elementor-element-5abc029 elementor-section-boxed elementor-section-height-default elementor-section-height-default\" data-id=\"5abc029\" data-element_type=\"section\" data-settings=\"{&quot;background_background&quot;:&quot;classic&quot;,&quot;_ha_eqh_enable&quot;:false}\">\n\t\t\t\t\t\t<div class=\"elementor-container elementor-column-gap-default\">\n\t\t\t\t\t<div class=\"elementor-column elementor-col-50 elementor-top-column elementor-element elementor-element-d1b2fa9\" data-id=\"d1b2fa9\" data-element_type=\"column\">\n\t\t\t<div class=\"elementor-widget-wrap elementor-element-populated\">\n\t\t\t\t\t\t<div class=\"elementor-element elementor-element-69129dc elementor-widget__width-auto elementor-widget elementor-widget-heading\" data-id=\"69129dc\" data-element_type=\"widget\" data-widget_type=\"heading.default\">\n\t\t\t\t<div class=\"elementor-widget-container\">\n\t\t\t<h2 class=\"elementor-heading-title elementor-size-default\">Our offer<\/h2>\t\t<\/div>\n\t\t\t\t<\/div>\n\t\t\t\t\t<\/div>\n\t\t<\/div>\n\t\t\t\t<div class=\"elementor-column elementor-col-50 elementor-top-column elementor-element elementor-element-5fd673c\" data-id=\"5fd673c\" data-element_type=\"column\">\n\t\t\t<div class=\"elementor-widget-wrap elementor-element-populated\">\n\t\t\t\t\t\t<div class=\"elementor-element elementor-element-091c4c7 elementor-widget elementor-widget-heading\" data-id=\"091c4c7\" data-element_type=\"widget\" data-widget_type=\"heading.default\">\n\t\t\t\t<div class=\"elementor-widget-container\">\n\t\t\t<h2 class=\"elementor-heading-title elementor-size-default\"><div class=\"entext\">The outer appearance of a building is characterized by the facade. A facade made of wood is a visual eye-catcher and offers numerous design options.<\/div><\/h2>\t\t<\/div>\n\t\t\t\t<\/div>\n\t\t\t\t<div class=\"elementor-element elementor-element-ea5240e elementor-widget elementor-widget-text-editor\" data-id=\"ea5240e\" data-element_type=\"widget\" data-widget_type=\"text-editor.default\">\n\t\t\t\t<div class=\"elementor-widget-container\">\n\t\t\t\t\t\t\t<p>Are you planning a new building or renovation and want a new house cladding with natural charm? Wood is a great option aesthetically as well as ecologically and energetically.<\/p><p>Why a wood facade is worth considering:<br \/><strong>\u2022<\/strong> Wood is a renewable resource and has good insulating characteristics<br \/><strong>\u2022<\/strong> Sowohl eine traditionelle als auch moderne Optik ist m\u00f6glich\u00a0Fl\u00e4che, die sich z.B. als Terrasse nutzen l\u00e4sst<br \/><strong>\u2022<\/strong> Natural, colored, vertical or horizontal slats - the options are endless<br \/><strong>\u2022<\/strong> Photovoltaic systems are easy to install<br \/><strong>\u2022<\/strong> Many types of wood have a high resistance<\/p><p>A well-kept, attractive facade improves the value of a property. Our wooden facades impress not only with their appearance, but also with their high-quality features.<\/p>\t\t\t\t\t\t<\/div>\n\t\t\t\t<\/div>\n\t\t\t\t\t<\/div>\n\t\t<\/div>\n\t\t\t\t\t<\/div>\n\t\t<\/section>\n\t\t\t\t<section class=\"elementor-section elementor-top-section elementor-element elementor-element-7bd7978 elementor-section-full_width elementor-section-height-default elementor-section-height-default\" data-id=\"7bd7978\" data-element_type=\"section\" data-settings=\"{&quot;background_background&quot;:&quot;gradient&quot;,&quot;_ha_eqh_enable&quot;:false}\">\n\t\t\t\t\t\t<div class=\"elementor-container elementor-column-gap-default\">\n\t\t\t\t\t<div class=\"elementor-column elementor-col-33 elementor-top-column elementor-element elementor-element-025d122\" data-id=\"025d122\" data-element_type=\"column\" data-settings=\"{&quot;background_background&quot;:&quot;classic&quot;}\">\n\t\t\t<div class=\"elementor-widget-wrap elementor-element-populated\">\n\t\t\t\t\t\t<div class=\"elementor-element elementor-element-a0e3ddb elementor-widget elementor-widget-spacer\" data-id=\"a0e3ddb\" data-element_type=\"widget\" data-widget_type=\"spacer.default\">\n\t\t\t\t<div class=\"elementor-widget-container\">\n\t\t\t\t\t<div class=\"elementor-spacer\">\n\t\t\t<div class=\"elementor-spacer-inner\"><\/div>\n\t\t<\/div>\n\t\t\t\t<\/div>\n\t\t\t\t<\/div>\n\t\t\t\t\t<\/div>\n\t\t<\/div>\n\t\t\t\t<div class=\"elementor-column elementor-col-33 elementor-top-column elementor-element elementor-element-2be5051\" data-id=\"2be5051\" data-element_type=\"column\" data-settings=\"{&quot;background_background&quot;:&quot;classic&quot;}\">\n\t\t\t<div class=\"elementor-widget-wrap elementor-element-populated\">\n\t\t\t\t\t\t<div class=\"elementor-element elementor-element-e57f48d elementor-widget elementor-widget-spacer\" data-id=\"e57f48d\" data-element_type=\"widget\" data-widget_type=\"spacer.default\">\n\t\t\t\t<div class=\"elementor-widget-container\">\n\t\t\t\t\t<div class=\"elementor-spacer\">\n\t\t\t<div class=\"elementor-spacer-inner\"><\/div>\n\t\t<\/div>\n\t\t\t\t<\/div>\n\t\t\t\t<\/div>\n\t\t\t\t\t<\/div>\n\t\t<\/div>\n\t\t\t\t<div class=\"elementor-column elementor-col-33 elementor-top-column elementor-element elementor-element-5a06e32\" data-id=\"5a06e32\" data-element_type=\"column\" data-settings=\"{&quot;background_background&quot;:&quot;classic&quot;}\">\n\t\t\t<div class=\"elementor-widget-wrap elementor-element-populated\">\n\t\t\t\t\t\t<div class=\"elementor-element elementor-element-670c63b elementor-widget elementor-widget-spacer\" data-id=\"670c63b\" data-element_type=\"widget\" data-widget_type=\"spacer.default\">\n\t\t\t\t<div class=\"elementor-widget-container\">\n\t\t\t\t\t<div class=\"elementor-spacer\">\n\t\t\t<div class=\"elementor-spacer-inner\"><\/div>\n\t\t<\/div>\n\t\t\t\t<\/div>\n\t\t\t\t<\/div>\n\t\t\t\t\t<\/div>\n\t\t<\/div>\n\t\t\t\t\t<\/div>\n\t\t<\/section>\n\t\t\t\t<section class=\"elementor-section elementor-top-section elementor-element elementor-element-561d1bd elementor-section-boxed elementor-section-height-default elementor-section-height-default\" data-id=\"561d1bd\" data-element_type=\"section\" data-settings=\"{&quot;background_background&quot;:&quot;classic&quot;,&quot;_ha_eqh_enable&quot;:false}\">\n\t\t\t\t\t\t<div class=\"elementor-container elementor-column-gap-default\">\n\t\t\t\t\t<div class=\"elementor-column elementor-col-50 elementor-top-column elementor-element elementor-element-d2e0c5b\" data-id=\"d2e0c5b\" data-element_type=\"column\">\n\t\t\t<div class=\"elementor-widget-wrap elementor-element-populated\">\n\t\t\t\t\t\t<div class=\"elementor-element elementor-element-6da507d elementor-widget__width-auto elementor-widget elementor-widget-heading\" data-id=\"6da507d\" data-element_type=\"widget\" data-widget_type=\"heading.default\">\n\t\t\t\t<div class=\"elementor-widget-container\">\n\t\t\t<h2 class=\"elementor-heading-title elementor-size-default\">Our service<\/h2>\t\t<\/div>\n\t\t\t\t<\/div>\n\t\t\t\t\t<\/div>\n\t\t<\/div>\n\t\t\t\t<div class=\"elementor-column elementor-col-50 elementor-top-column elementor-element elementor-element-0638ed7\" data-id=\"0638ed7\" data-element_type=\"column\">\n\t\t\t<div class=\"elementor-widget-wrap elementor-element-populated\">\n\t\t\t\t\t\t<div class=\"elementor-element elementor-element-47e0325 elementor-widget elementor-widget-eael-adv-accordion\" data-id=\"47e0325\" data-element_type=\"widget\" data-widget_type=\"eael-adv-accordion.default\">\n\t\t\t\t<div class=\"elementor-widget-container\">\n\t\t\t        <div class=\"eael-adv-accordion\" id=\"eael-adv-accordion-47e0325\" data-scroll-on-click=\"no\" data-scroll-speed=\"300\" data-accordion-id=\"47e0325\" data-accordion-type=\"accordion\" data-toogle-speed=\"300\">\n    <div class=\"eael-accordion-list\">\n                <div id=\"persnliche-beratung\" class=\"elementor-tab-title eael-accordion-header\" tabindex=\"0\" data-tab=\"1\" aria-controls=\"elementor-tab-content-7531\"><span class=\"eael-accordion-tab-title\">Individual advice<\/span><i aria-hidden=\"true\" class=\"fa-toggle icon icon-plus\"><\/i><\/div><div id=\"elementor-tab-content-7531\" class=\"eael-accordion-content clearfix\" data-tab=\"1\" aria-labelledby=\"persnliche-beratung\"><p>There are many design options for wood facades \u2013 starting with the choice of wood: Do you decide on a local or tropical wood type? Should the facade remain untreated or receive a surface treatment? There are also countless options when it comes to the arrangement of the slats and the color design of the wood. We will be happy to advise you in detail about your options.<\/p><\/div>\n                <\/div><div class=\"eael-accordion-list\">\n                <div id=\"przise-installation\" class=\"elementor-tab-title eael-accordion-header\" tabindex=\"0\" data-tab=\"2\" aria-controls=\"elementor-tab-content-7532\"><span class=\"eael-accordion-tab-title\">Precise installation<\/span><i aria-hidden=\"true\" class=\"fa-toggle icon icon-plus\"><\/i><\/div><div id=\"elementor-tab-content-7532\" class=\"eael-accordion-content clearfix\" data-tab=\"2\" aria-labelledby=\"przise-installation\"><p>Our experts will design an aesthetically pleasing and carefully planned wooden facade for your building that fulfills your individual desires.<\/p><\/div>\n                <\/div><div class=\"eael-accordion-list\">\n                <div id=\"fachgerechte-pflege\" class=\"elementor-tab-title eael-accordion-header\" tabindex=\"0\" data-tab=\"3\" aria-controls=\"elementor-tab-content-7533\"><span class=\"eael-accordion-tab-title\">Professional care<\/span><i aria-hidden=\"true\" class=\"fa-toggle icon icon-plus\"><\/i><\/div><div id=\"elementor-tab-content-7533\" class=\"eael-accordion-content clearfix\" data-tab=\"3\" aria-labelledby=\"fachgerechte-pflege\"><p>Over time, an untreated wooden facade loses its color and turns gray. If this natural process is not desired, there is a simple solution: a glaze or varnish protects the wood from the weather and preserves its color. WIBA will gladly take care of the professional maintenance of your wooden facade for a long-lasting beautiful result.<\/p><\/div>\n                <\/div><\/div>\t\t<\/div>\n\t\t\t\t<\/div>\n\t\t\t\t\t<\/div>\n\t\t<\/div>\n\t\t\t\t\t<\/div>\n\t\t<\/section>\n\t\t\t\t<section class=\"elementor-section elementor-top-section elementor-element elementor-element-60ef352 elementor-section-boxed elementor-section-height-default elementor-section-height-default\" data-id=\"60ef352\" data-element_type=\"section\" data-settings=\"{&quot;background_background&quot;:&quot;classic&quot;,&quot;_ha_eqh_enable&quot;:false}\">\n\t\t\t\t\t\t\t<div class=\"elementor-background-overlay\"><\/div>\n\t\t\t\t\t\t\t<div class=\"elementor-container elementor-column-gap-default\">\n\t\t\t\t\t<div class=\"elementor-column elementor-col-100 elementor-top-column elementor-element elementor-element-dfc49c1\" data-id=\"dfc49c1\" data-element_type=\"column\">\n\t\t\t<div class=\"elementor-widget-wrap elementor-element-populated\">\n\t\t\t\t\t\t<div class=\"elementor-element elementor-element-81ec3c7 elementor-widget__width-auto elementor-widget elementor-widget-heading\" data-id=\"81ec3c7\" data-element_type=\"widget\" data-widget_type=\"heading.default\">\n\t\t\t\t<div class=\"elementor-widget-container\">\n\t\t\t<h2 class=\"elementor-heading-title elementor-size-default\">Contact<\/h2>\t\t<\/div>\n\t\t\t\t<\/div>\n\t\t\t\t<div class=\"elementor-element elementor-element-e744477 elementor-widget elementor-widget-heading\" data-id=\"e744477\" data-element_type=\"widget\" data-widget_type=\"heading.default\">\n\t\t\t\t<div class=\"elementor-widget-container\">\n\t\t\t<h2 class=\"elementor-heading-title elementor-size-default\">We look forward to hearing from you.<\/h2>\t\t<\/div>\n\t\t\t\t<\/div>\n\t\t\t\t<div class=\"elementor-element elementor-element-15275ae elementor-widget elementor-widget-image\" data-id=\"15275ae\" data-element_type=\"widget\" data-widget_type=\"image.default\">\n\t\t\t\t<div class=\"elementor-widget-container\">\n\t\t\t\t\t\t\t\t\t\t\t\t\t<img decoding=\"async\" width=\"1\" height=\"90\" src=\"https:\/\/www.wiba-bauspenglerei.ch\/wp-content\/uploads\/2023\/04\/line-a.svg\" class=\"attachment-large size-large wp-image-29625\" alt=\"\" \/>\t\t\t\t\t\t\t\t\t\t\t\t\t<\/div>\n\t\t\t\t<\/div>\n\t\t\t\t<div class=\"elementor-element elementor-element-7fa5bd1 elementor-widget__width-auto elementor-widget elementor-widget-button\" data-id=\"7fa5bd1\" data-element_type=\"widget\" data-widget_type=\"button.default\">\n\t\t\t\t<div class=\"elementor-widget-container\">\n\t\t\t\t\t<div class=\"elementor-button-wrapper\">\n\t\t\t<a class=\"elementor-button elementor-button-link elementor-size-sm\" href=\"https:\/\/www.wiba-bauspenglerei.ch\/en\/kontakt\/\">\n\t\t\t\t\t\t<span class=\"elementor-button-content-wrapper\">\n\t\t\t\t\t\t\t\t\t<span class=\"elementor-button-text\">Contact us<\/span>\n\t\t\t\t\t<\/span>\n\t\t\t\t\t<\/a>\n\t\t<\/div>\n\t\t\t\t<\/div>\n\t\t\t\t<\/div>\n\t\t\t\t\t<\/div>\n\t\t<\/div>\n\t\t\t\t\t<\/div>\n\t\t<\/section>\n\t\t\t\t<\/div>","protected":false},"excerpt":{"rendered":"<p>Holzfassadenbau Ein neues Gewand Unser Angebot Die \u00e4ussere Erscheinung eines Geb\u00e4udes wird von der Fassade gepr\u00e4gt. Eine Fassade aus Holz ist ein optischer Blickfang und bietet zahl- reiche Gestaltungsm\u00f6glichkeiten. Sie planen einen Neubau oder eine Sanierung und w\u00fcnschen sich eine neue Hausverkleidung mit nat\u00fcrlichem Charme? Holz ist sowohl \u00e4sthetisch als auch \u00f6kologisch und energetisch gesehen [&hellip;]<\/p>","protected":false},"author":1,"featured_media":32504,"parent":0,"menu_order":4,"comment_status":"closed","ping_status":"closed","template":"elementor_header_footer","meta":{"footnotes":""},"yoast_head":"<!-- This site is optimized with the Yoast SEO plugin v23.0 - https:\/\/yoast.com\/wordpress\/plugins\/seo\/ -->\n<title>Holzfassadenbau - WIBA Spenglerei &amp; Flachdach GmbH<\/title>\n<meta name=\"description\" content=\"WIBA, Ihre Experte f\u00fcr fassaden. Unsere begeistern nicht nur mit ihrer Optik, sondern auch durch ihre hochwertigen Eigenschaften.\" \/>\n<meta name=\"robots\" content=\"index, follow, max-snippet:-1, max-image-preview:large, max-video-preview:-1\" \/>\n<link rel=\"canonical\" href=\"https:\/\/www.wiba-bauspenglerei.ch\/en\/holzfassadenbau\/\" \/>\n<meta property=\"og:locale\" content=\"en_US\" \/>\n<meta property=\"og:type\" content=\"article\" \/>\n<meta property=\"og:title\" content=\"Holzfassadenbau - WIBA Spenglerei &amp; Flachdach GmbH\" \/>\n<meta property=\"og:description\" content=\"WIBA, Ihre Experte f\u00fcr fassaden. Unsere begeistern nicht nur mit ihrer Optik, sondern auch durch ihre hochwertigen Eigenschaften.\" \/>\n<meta property=\"og:url\" content=\"https:\/\/www.wiba-bauspenglerei.ch\/en\/holzfassadenbau\/\" \/>\n<meta property=\"og:site_name\" content=\"WIBA Spenglerei &amp; Flachdach GmbH\" \/>\n<meta property=\"article:modified_time\" content=\"2023-12-14T11:52:01+00:00\" \/>\n<meta property=\"og:image\" content=\"https:\/\/www.wiba-bauspenglerei.ch\/wp-content\/uploads\/2023\/05\/wibaa.jpg\" \/>\n\t<meta property=\"og:image:width\" content=\"1024\" \/>\n\t<meta property=\"og:image:height\" content=\"1024\" \/>\n\t<meta property=\"og:image:type\" content=\"image\/jpeg\" \/>\n<meta name=\"twitter:card\" content=\"summary_large_image\" \/>\n<meta name=\"twitter:label1\" content=\"Est. reading time\" \/>\n\t<meta name=\"twitter:data1\" content=\"2 minutes\" \/>\n<script type=\"application\/ld+json\" class=\"yoast-schema-graph\">{\"@context\":\"https:\/\/schema.org\",\"@graph\":[{\"@type\":\"WebPage\",\"@id\":\"https:\/\/www.wiba-bauspenglerei.ch\/en\/holzfassadenbau\/\",\"url\":\"https:\/\/www.wiba-bauspenglerei.ch\/en\/holzfassadenbau\/\",\"name\":\"Holzfassadenbau - WIBA Spenglerei &amp; Flachdach GmbH\",\"isPartOf\":{\"@id\":\"https:\/\/www.wiba-bauspenglerei.ch\/#website\"},\"primaryImageOfPage\":{\"@id\":\"https:\/\/www.wiba-bauspenglerei.ch\/en\/holzfassadenbau\/#primaryimage\"},\"image\":{\"@id\":\"https:\/\/www.wiba-bauspenglerei.ch\/en\/holzfassadenbau\/#primaryimage\"},\"thumbnailUrl\":\"https:\/\/www.wiba-bauspenglerei.ch\/wp-content\/uploads\/2023\/05\/wibaa.jpg\",\"datePublished\":\"2023-04-24T07:45:32+00:00\",\"dateModified\":\"2023-12-14T11:52:01+00:00\",\"description\":\"WIBA, Ihre Experte f\u00fcr fassaden. Unsere begeistern nicht nur mit ihrer Optik, sondern auch durch ihre hochwertigen Eigenschaften.\",\"breadcrumb\":{\"@id\":\"https:\/\/www.wiba-bauspenglerei.ch\/en\/holzfassadenbau\/#breadcrumb\"},\"inLanguage\":\"en-US\",\"potentialAction\":[{\"@type\":\"ReadAction\",\"target\":[\"https:\/\/www.wiba-bauspenglerei.ch\/en\/holzfassadenbau\/\"]}]},{\"@type\":\"ImageObject\",\"inLanguage\":\"en-US\",\"@id\":\"https:\/\/www.wiba-bauspenglerei.ch\/en\/holzfassadenbau\/#primaryimage\",\"url\":\"https:\/\/www.wiba-bauspenglerei.ch\/wp-content\/uploads\/2023\/05\/wibaa.jpg\",\"contentUrl\":\"https:\/\/www.wiba-bauspenglerei.ch\/wp-content\/uploads\/2023\/05\/wibaa.jpg\",\"width\":1024,\"height\":1024,\"caption\":\"WIBA Spenglerei & Flachdach GmbH\"},{\"@type\":\"BreadcrumbList\",\"@id\":\"https:\/\/www.wiba-bauspenglerei.ch\/en\/holzfassadenbau\/#breadcrumb\",\"itemListElement\":[{\"@type\":\"ListItem\",\"position\":1,\"name\":\"Home\",\"item\":\"https:\/\/www.wiba-bauspenglerei.ch\/\"},{\"@type\":\"ListItem\",\"position\":2,\"name\":\"Holzfassadenbau\"}]},{\"@type\":\"WebSite\",\"@id\":\"https:\/\/www.wiba-bauspenglerei.ch\/#website\",\"url\":\"https:\/\/www.wiba-bauspenglerei.ch\/\",\"name\":\"WIBA Spenglerei &amp; Flachdach GmbH\",\"description\":\"\",\"publisher\":{\"@id\":\"https:\/\/www.wiba-bauspenglerei.ch\/#organization\"},\"inLanguage\":\"en-US\"},{\"@type\":\"Organization\",\"@id\":\"https:\/\/www.wiba-bauspenglerei.ch\/#organization\",\"name\":\"WIBA Spenglerei & Flachdach\",\"url\":\"https:\/\/www.wiba-bauspenglerei.ch\/\",\"logo\":{\"@type\":\"ImageObject\",\"inLanguage\":\"en-US\",\"@id\":\"https:\/\/www.wiba-bauspenglerei.ch\/#\/schema\/logo\/image\/\",\"url\":\"https:\/\/www.wiba-bauspenglerei.ch\/wp-content\/uploads\/2023\/04\/cropped-wiba-siteicon.jpg\",\"contentUrl\":\"https:\/\/www.wiba-bauspenglerei.ch\/wp-content\/uploads\/2023\/04\/cropped-wiba-siteicon.jpg\",\"width\":512,\"height\":512,\"caption\":\"WIBA Spenglerei & Flachdach\"},\"image\":{\"@id\":\"https:\/\/www.wiba-bauspenglerei.ch\/#\/schema\/logo\/image\/\"}}]}<\/script>\n<!-- \/ Yoast SEO plugin. -->","yoast_head_json":{"title":"Holzfassadenbau - WIBA Spenglerei &amp; Flachdach GmbH","description":"WIBA, Ihre Experte f\u00fcr fassaden. Unsere begeistern nicht nur mit ihrer Optik, sondern auch durch ihre hochwertigen Eigenschaften.","robots":{"index":"index","follow":"follow","max-snippet":"max-snippet:-1","max-image-preview":"max-image-preview:large","max-video-preview":"max-video-preview:-1"},"canonical":"https:\/\/www.wiba-bauspenglerei.ch\/en\/holzfassadenbau\/","og_locale":"en_US","og_type":"article","og_title":"Holzfassadenbau - WIBA Spenglerei &amp; Flachdach GmbH","og_description":"WIBA, Ihre Experte f\u00fcr fassaden. Unsere begeistern nicht nur mit ihrer Optik, sondern auch durch ihre hochwertigen Eigenschaften.","og_url":"https:\/\/www.wiba-bauspenglerei.ch\/en\/holzfassadenbau\/","og_site_name":"WIBA Spenglerei &amp; Flachdach GmbH","article_modified_time":"2023-12-14T11:52:01+00:00","og_image":[{"width":1024,"height":1024,"url":"https:\/\/www.wiba-bauspenglerei.ch\/wp-content\/uploads\/2023\/05\/wibaa.jpg","type":"image\/jpeg"}],"twitter_card":"summary_large_image","twitter_misc":{"Est. reading time":"2 minutes"},"schema":{"@context":"https:\/\/schema.org","@graph":[{"@type":"WebPage","@id":"https:\/\/www.wiba-bauspenglerei.ch\/en\/holzfassadenbau\/","url":"https:\/\/www.wiba-bauspenglerei.ch\/en\/holzfassadenbau\/","name":"Holzfassadenbau - WIBA Spenglerei &amp; Flachdach GmbH","isPartOf":{"@id":"https:\/\/www.wiba-bauspenglerei.ch\/#website"},"primaryImageOfPage":{"@id":"https:\/\/www.wiba-bauspenglerei.ch\/en\/holzfassadenbau\/#primaryimage"},"image":{"@id":"https:\/\/www.wiba-bauspenglerei.ch\/en\/holzfassadenbau\/#primaryimage"},"thumbnailUrl":"https:\/\/www.wiba-bauspenglerei.ch\/wp-content\/uploads\/2023\/05\/wibaa.jpg","datePublished":"2023-04-24T07:45:32+00:00","dateModified":"2023-12-14T11:52:01+00:00","description":"WIBA, Ihre Experte f\u00fcr fassaden. Unsere begeistern nicht nur mit ihrer Optik, sondern auch durch ihre hochwertigen Eigenschaften.","breadcrumb":{"@id":"https:\/\/www.wiba-bauspenglerei.ch\/en\/holzfassadenbau\/#breadcrumb"},"inLanguage":"en-US","potentialAction":[{"@type":"ReadAction","target":["https:\/\/www.wiba-bauspenglerei.ch\/en\/holzfassadenbau\/"]}]},{"@type":"ImageObject","inLanguage":"en-US","@id":"https:\/\/www.wiba-bauspenglerei.ch\/en\/holzfassadenbau\/#primaryimage","url":"https:\/\/www.wiba-bauspenglerei.ch\/wp-content\/uploads\/2023\/05\/wibaa.jpg","contentUrl":"https:\/\/www.wiba-bauspenglerei.ch\/wp-content\/uploads\/2023\/05\/wibaa.jpg","width":1024,"height":1024,"caption":"WIBA Spenglerei & Flachdach GmbH"},{"@type":"BreadcrumbList","@id":"https:\/\/www.wiba-bauspenglerei.ch\/en\/holzfassadenbau\/#breadcrumb","itemListElement":[{"@type":"ListItem","position":1,"name":"Home","item":"https:\/\/www.wiba-bauspenglerei.ch\/"},{"@type":"ListItem","position":2,"name":"Holzfassadenbau"}]},{"@type":"WebSite","@id":"https:\/\/www.wiba-bauspenglerei.ch\/#website","url":"https:\/\/www.wiba-bauspenglerei.ch\/","name":"WIBA Spenglerei &amp; Flachdach GmbH","description":"","publisher":{"@id":"https:\/\/www.wiba-bauspenglerei.ch\/#organization"},"inLanguage":"en-US"},{"@type":"Organization","@id":"https:\/\/www.wiba-bauspenglerei.ch\/#organization","name":"WIBA Spenglerei & Flachdach","url":"https:\/\/www.wiba-bauspenglerei.ch\/","logo":{"@type":"ImageObject","inLanguage":"en-US","@id":"https:\/\/www.wiba-bauspenglerei.ch\/#\/schema\/logo\/image\/","url":"https:\/\/www.wiba-bauspenglerei.ch\/wp-content\/uploads\/2023\/04\/cropped-wiba-siteicon.jpg","contentUrl":"https:\/\/www.wiba-bauspenglerei.ch\/wp-content\/uploads\/2023\/04\/cropped-wiba-siteicon.jpg","width":512,"height":512,"caption":"WIBA Spenglerei & Flachdach"},"image":{"@id":"https:\/\/www.wiba-bauspenglerei.ch\/#\/schema\/logo\/image\/"}}]}},"_links":{"self":[{"href":"https:\/\/www.wiba-bauspenglerei.ch\/en\/wp-json\/wp\/v2\/pages\/28962"}],"collection":[{"href":"https:\/\/www.wiba-bauspenglerei.ch\/en\/wp-json\/wp\/v2\/pages"}],"about":[{"href":"https:\/\/www.wiba-bauspenglerei.ch\/en\/wp-json\/wp\/v2\/types\/page"}],"author":[{"embeddable":true,"href":"https:\/\/www.wiba-bauspenglerei.ch\/en\/wp-json\/wp\/v2\/users\/1"}],"replies":[{"embeddable":true,"href":"https:\/\/www.wiba-bauspenglerei.ch\/en\/wp-json\/wp\/v2\/comments?post=28962"}],"version-history":[{"count":94,"href":"https:\/\/www.wiba-bauspenglerei.ch\/en\/wp-json\/wp\/v2\/pages\/28962\/revisions"}],"predecessor-version":[{"id":33234,"href":"https:\/\/www.wiba-bauspenglerei.ch\/en\/wp-json\/wp\/v2\/pages\/28962\/revisions\/33234"}],"wp:featuredmedia":[{"embeddable":true,"href":"https:\/\/www.wiba-bauspenglerei.ch\/en\/wp-json\/wp\/v2\/media\/32504"}],"wp:attachment":[{"href":"https:\/\/www.wiba-bauspenglerei.ch\/en\/wp-json\/wp\/v2\/media?parent=28962"}],"curies":[{"name":"wp","href":"https:\/\/api.w.org\/{rel}","templated":true}]}}