{"id":28964,"date":"2023-04-24T09:45:49","date_gmt":"2023-04-24T07:45:49","guid":{"rendered":"https:\/\/bw103.brentex-webprojekt.ch\/?page_id=28964"},"modified":"2023-12-14T12:56:11","modified_gmt":"2023-12-14T11:56:11","slug":"unterhalt","status":"publish","type":"page","link":"https:\/\/www.wiba-bauspenglerei.ch\/en\/unterhalt\/","title":{"rendered":"Maintenance"},"content":{"rendered":"<div data-elementor-type=\"wp-page\" data-elementor-id=\"28964\" class=\"elementor elementor-28964\" data-elementor-post-type=\"page\">\n\t\t\t\t\t\t<section class=\"elementor-section elementor-top-section elementor-element elementor-element-f516db1 elementor-section-height-min-height elementor-section-boxed elementor-section-height-default elementor-section-items-middle\" data-id=\"f516db1\" data-element_type=\"section\" data-settings=\"{&quot;_ha_eqh_enable&quot;:false}\">\n\t\t\t\t\t\t<div class=\"elementor-container elementor-column-gap-default\">\n\t\t\t\t\t<div class=\"elementor-column elementor-col-100 elementor-top-column elementor-element elementor-element-a92da15\" data-id=\"a92da15\" data-element_type=\"column\">\n\t\t\t<div class=\"elementor-widget-wrap elementor-element-populated\">\n\t\t\t\t\t\t<div class=\"elementor-element elementor-element-d14f891 elementor-widget__width-auto elementor-widget elementor-widget-heading\" data-id=\"d14f891\" data-element_type=\"widget\" data-widget_type=\"heading.default\">\n\t\t\t\t<div class=\"elementor-widget-container\">\n\t\t\t<h2 class=\"elementor-heading-title elementor-size-default\">Maintenance<\/h2>\t\t<\/div>\n\t\t\t\t<\/div>\n\t\t\t\t<div class=\"elementor-element elementor-element-07f676f elementor-widget elementor-widget-heading\" data-id=\"07f676f\" data-element_type=\"widget\" data-widget_type=\"heading.default\">\n\t\t\t\t<div class=\"elementor-widget-container\">\n\t\t\t<h2 class=\"elementor-heading-title elementor-size-default\">The right care<\/h2>\t\t<\/div>\n\t\t\t\t<\/div>\n\t\t\t\t\t<\/div>\n\t\t<\/div>\n\t\t\t\t\t<\/div>\n\t\t<\/section>\n\t\t\t\t<section class=\"elementor-section elementor-top-section elementor-element elementor-element-fe8ddc0 elementor-section-boxed elementor-section-height-default elementor-section-height-default\" data-id=\"fe8ddc0\" data-element_type=\"section\" data-settings=\"{&quot;background_background&quot;:&quot;classic&quot;,&quot;_ha_eqh_enable&quot;:false}\">\n\t\t\t\t\t\t<div class=\"elementor-container elementor-column-gap-default\">\n\t\t\t\t\t<div class=\"elementor-column elementor-col-100 elementor-top-column elementor-element elementor-element-8004e12\" data-id=\"8004e12\" data-element_type=\"column\" data-settings=\"{&quot;background_background&quot;:&quot;classic&quot;}\">\n\t\t\t<div class=\"elementor-widget-wrap elementor-element-populated\">\n\t\t\t\t\t\t<div class=\"elementor-element elementor-element-2beed2a elementor-widget elementor-widget-spacer\" data-id=\"2beed2a\" data-element_type=\"widget\" data-widget_type=\"spacer.default\">\n\t\t\t\t<div class=\"elementor-widget-container\">\n\t\t\t\t\t<div class=\"elementor-spacer\">\n\t\t\t<div class=\"elementor-spacer-inner\"><\/div>\n\t\t<\/div>\n\t\t\t\t<\/div>\n\t\t\t\t<\/div>\n\t\t\t\t\t<\/div>\n\t\t<\/div>\n\t\t\t\t\t<\/div>\n\t\t<\/section>\n\t\t\t\t<section class=\"elementor-section elementor-top-section elementor-element elementor-element-9ceda87 elementor-section-boxed elementor-section-height-default elementor-section-height-default\" data-id=\"9ceda87\" data-element_type=\"section\" data-settings=\"{&quot;background_background&quot;:&quot;classic&quot;,&quot;_ha_eqh_enable&quot;:false}\">\n\t\t\t\t\t\t<div class=\"elementor-container elementor-column-gap-default\">\n\t\t\t\t\t<div class=\"elementor-column elementor-col-50 elementor-top-column elementor-element elementor-element-ffd46f9\" data-id=\"ffd46f9\" data-element_type=\"column\">\n\t\t\t<div class=\"elementor-widget-wrap elementor-element-populated\">\n\t\t\t\t\t\t<div class=\"elementor-element elementor-element-ee98e91 elementor-widget__width-auto elementor-widget elementor-widget-heading\" data-id=\"ee98e91\" data-element_type=\"widget\" data-widget_type=\"heading.default\">\n\t\t\t\t<div class=\"elementor-widget-container\">\n\t\t\t<h2 class=\"elementor-heading-title elementor-size-default\">Our offer<\/h2>\t\t<\/div>\n\t\t\t\t<\/div>\n\t\t\t\t\t<\/div>\n\t\t<\/div>\n\t\t\t\t<div class=\"elementor-column elementor-col-50 elementor-top-column elementor-element elementor-element-7a61f8d\" data-id=\"7a61f8d\" data-element_type=\"column\">\n\t\t\t<div class=\"elementor-widget-wrap elementor-element-populated\">\n\t\t\t\t\t\t<div class=\"elementor-element elementor-element-e2f826e elementor-widget elementor-widget-heading\" data-id=\"e2f826e\" data-element_type=\"widget\" data-widget_type=\"heading.default\">\n\t\t\t\t<div class=\"elementor-widget-container\">\n\t\t\t<h2 class=\"elementor-heading-title elementor-size-default\">We support you with all measures to keep your building from the facade to the roof in a permanently perfect condition.<\/h2>\t\t<\/div>\n\t\t\t\t<\/div>\n\t\t\t\t<div class=\"elementor-element elementor-element-d549ce9 elementor-widget elementor-widget-text-editor\" data-id=\"d549ce9\" data-element_type=\"widget\" data-widget_type=\"text-editor.default\">\n\t\t\t\t<div class=\"elementor-widget-container\">\n\t\t\t\t\t\t\t<p>The maintenance of a building is important to maintain a flawless appearance and ensure optimal protection against weather, fire and energy loss.<\/p><p>We are your contact for:<br \/><strong>\u2022 <\/strong>Roof inspections for early detection and repair of damage<br \/><strong>\u2022 <\/strong>Maintenance of green roofs<br \/><strong>\u2022 <\/strong>Removal of moss and impurities <br \/><strong>\u2022 <\/strong>Cleaning of gutters and drain pipes<br \/><strong>\u2022 <\/strong>Control of sheet metal and framing<\/p><p>Due to weather conditions, roofs and facades may become dirty or damaged. Regular inspections and maintenance are therefore necessary to maintain the value and functionality of your property.<\/p>\t\t\t\t\t\t<\/div>\n\t\t\t\t<\/div>\n\t\t\t\t\t<\/div>\n\t\t<\/div>\n\t\t\t\t\t<\/div>\n\t\t<\/section>\n\t\t\t\t<section class=\"elementor-section elementor-top-section elementor-element elementor-element-cf1aa54 elementor-section-full_width elementor-section-height-default elementor-section-height-default\" data-id=\"cf1aa54\" data-element_type=\"section\" data-settings=\"{&quot;background_background&quot;:&quot;gradient&quot;,&quot;_ha_eqh_enable&quot;:false}\">\n\t\t\t\t\t\t<div class=\"elementor-container elementor-column-gap-default\">\n\t\t\t\t\t<div class=\"elementor-column elementor-col-33 elementor-top-column elementor-element elementor-element-33152e1\" data-id=\"33152e1\" data-element_type=\"column\" data-settings=\"{&quot;background_background&quot;:&quot;classic&quot;}\">\n\t\t\t<div class=\"elementor-widget-wrap elementor-element-populated\">\n\t\t\t\t\t\t<div class=\"elementor-element elementor-element-74c14f1 elementor-widget elementor-widget-spacer\" data-id=\"74c14f1\" data-element_type=\"widget\" data-widget_type=\"spacer.default\">\n\t\t\t\t<div class=\"elementor-widget-container\">\n\t\t\t\t\t<div class=\"elementor-spacer\">\n\t\t\t<div class=\"elementor-spacer-inner\"><\/div>\n\t\t<\/div>\n\t\t\t\t<\/div>\n\t\t\t\t<\/div>\n\t\t\t\t\t<\/div>\n\t\t<\/div>\n\t\t\t\t<div class=\"elementor-column elementor-col-33 elementor-top-column elementor-element elementor-element-f5df116\" data-id=\"f5df116\" data-element_type=\"column\" data-settings=\"{&quot;background_background&quot;:&quot;classic&quot;}\">\n\t\t\t<div class=\"elementor-widget-wrap elementor-element-populated\">\n\t\t\t\t\t\t<div class=\"elementor-element elementor-element-e728a4c elementor-widget elementor-widget-spacer\" data-id=\"e728a4c\" data-element_type=\"widget\" data-widget_type=\"spacer.default\">\n\t\t\t\t<div class=\"elementor-widget-container\">\n\t\t\t\t\t<div class=\"elementor-spacer\">\n\t\t\t<div class=\"elementor-spacer-inner\"><\/div>\n\t\t<\/div>\n\t\t\t\t<\/div>\n\t\t\t\t<\/div>\n\t\t\t\t\t<\/div>\n\t\t<\/div>\n\t\t\t\t<div class=\"elementor-column elementor-col-33 elementor-top-column elementor-element elementor-element-a9fc7b7\" data-id=\"a9fc7b7\" data-element_type=\"column\" data-settings=\"{&quot;background_background&quot;:&quot;classic&quot;}\">\n\t\t\t<div class=\"elementor-widget-wrap elementor-element-populated\">\n\t\t\t\t\t\t<div class=\"elementor-element elementor-element-0049749 elementor-widget elementor-widget-spacer\" data-id=\"0049749\" data-element_type=\"widget\" data-widget_type=\"spacer.default\">\n\t\t\t\t<div class=\"elementor-widget-container\">\n\t\t\t\t\t<div class=\"elementor-spacer\">\n\t\t\t<div class=\"elementor-spacer-inner\"><\/div>\n\t\t<\/div>\n\t\t\t\t<\/div>\n\t\t\t\t<\/div>\n\t\t\t\t\t<\/div>\n\t\t<\/div>\n\t\t\t\t\t<\/div>\n\t\t<\/section>\n\t\t\t\t<section class=\"elementor-section elementor-top-section elementor-element elementor-element-10bf774 elementor-section-boxed elementor-section-height-default elementor-section-height-default\" data-id=\"10bf774\" data-element_type=\"section\" data-settings=\"{&quot;background_background&quot;:&quot;classic&quot;,&quot;_ha_eqh_enable&quot;:false}\">\n\t\t\t\t\t\t<div class=\"elementor-container elementor-column-gap-default\">\n\t\t\t\t\t<div class=\"elementor-column elementor-col-50 elementor-top-column elementor-element elementor-element-92869a6\" data-id=\"92869a6\" data-element_type=\"column\">\n\t\t\t<div class=\"elementor-widget-wrap elementor-element-populated\">\n\t\t\t\t\t\t<div class=\"elementor-element elementor-element-c5ef5e8 elementor-widget__width-auto elementor-widget elementor-widget-heading\" data-id=\"c5ef5e8\" data-element_type=\"widget\" data-widget_type=\"heading.default\">\n\t\t\t\t<div class=\"elementor-widget-container\">\n\t\t\t<h2 class=\"elementor-heading-title elementor-size-default\">Our service<\/h2>\t\t<\/div>\n\t\t\t\t<\/div>\n\t\t\t\t\t<\/div>\n\t\t<\/div>\n\t\t\t\t<div class=\"elementor-column elementor-col-50 elementor-top-column elementor-element elementor-element-cc6b9f2\" data-id=\"cc6b9f2\" data-element_type=\"column\">\n\t\t\t<div class=\"elementor-widget-wrap elementor-element-populated\">\n\t\t\t\t\t\t<div class=\"elementor-element elementor-element-345719f elementor-widget elementor-widget-eael-adv-accordion\" data-id=\"345719f\" data-element_type=\"widget\" data-widget_type=\"eael-adv-accordion.default\">\n\t\t\t\t<div class=\"elementor-widget-container\">\n\t\t\t        <div class=\"eael-adv-accordion\" id=\"eael-adv-accordion-345719f\" data-scroll-on-click=\"no\" data-scroll-speed=\"300\" data-accordion-id=\"345719f\" data-accordion-type=\"accordion\" data-toogle-speed=\"300\">\n    <div class=\"eael-accordion-list\">\n                <div id=\"wertvolle-hilfe\" class=\"elementor-tab-title eael-accordion-header\" tabindex=\"0\" data-tab=\"1\" aria-controls=\"elementor-tab-content-5481\"><span class=\"eael-accordion-tab-title\">Valuable help<\/span><i aria-hidden=\"true\" class=\"fa-toggle icon icon-plus\"><\/i><\/div><div id=\"elementor-tab-content-5481\" class=\"eael-accordion-content clearfix\" data-tab=\"1\" aria-labelledby=\"wertvolle-hilfe\"><p>Are you unsure when certain maintenance work is due? Don't worry! Contact us and describe the current condition. We are experts in our field and know exactly what needs to be done. We will do a careful inspection and take care of the necessary steps.<\/p><\/div>\n                <\/div><div class=\"eael-accordion-list\">\n                <div id=\"umfassendes-know-how\" class=\"elementor-tab-title eael-accordion-header\" tabindex=\"0\" data-tab=\"2\" aria-controls=\"elementor-tab-content-5482\"><span class=\"eael-accordion-tab-title\">Broad know-how<\/span><i aria-hidden=\"true\" class=\"fa-toggle icon icon-plus\"><\/i><\/div><div id=\"elementor-tab-content-5482\" class=\"eael-accordion-content clearfix\" data-tab=\"2\" aria-labelledby=\"umfassendes-know-how\"><p>WIBA Spenglerei &amp; Flachdach has a qualified team with a great deal of experience and the necessary know-how to identify weak spots and professionally implement necessary work to maintain the roof and facade of your building.<\/p><\/div>\n                <\/div><div class=\"eael-accordion-list\">\n                <div id=\"hohe-sorgfalt\" class=\"elementor-tab-title eael-accordion-header\" tabindex=\"0\" data-tab=\"3\" aria-controls=\"elementor-tab-content-5483\"><span class=\"eael-accordion-tab-title\">High diligence<\/span><i aria-hidden=\"true\" class=\"fa-toggle icon icon-plus\"><\/i><\/div><div id=\"elementor-tab-content-5483\" class=\"eael-accordion-content clearfix\" data-tab=\"3\" aria-labelledby=\"hohe-sorgfalt\"><p>Trust the expertise of our professionals when it comes to the maintenance of your property. We will ensure that your property remains in perfect condition, both visually and functionally. Inspections and maintenance measures are carried out by us with the utmost precision and care.<\/p><\/div>\n                <\/div><\/div>\t\t<\/div>\n\t\t\t\t<\/div>\n\t\t\t\t\t<\/div>\n\t\t<\/div>\n\t\t\t\t\t<\/div>\n\t\t<\/section>\n\t\t\t\t<section class=\"elementor-section elementor-top-section elementor-element elementor-element-50ebd5b elementor-section-boxed elementor-section-height-default elementor-section-height-default\" data-id=\"50ebd5b\" data-element_type=\"section\" data-settings=\"{&quot;background_background&quot;:&quot;classic&quot;,&quot;_ha_eqh_enable&quot;:false}\">\n\t\t\t\t\t\t\t<div class=\"elementor-background-overlay\"><\/div>\n\t\t\t\t\t\t\t<div class=\"elementor-container elementor-column-gap-default\">\n\t\t\t\t\t<div class=\"elementor-column elementor-col-100 elementor-top-column elementor-element elementor-element-5882c91\" data-id=\"5882c91\" data-element_type=\"column\">\n\t\t\t<div class=\"elementor-widget-wrap elementor-element-populated\">\n\t\t\t\t\t\t<div class=\"elementor-element elementor-element-f76a3df elementor-widget__width-auto elementor-widget elementor-widget-heading\" data-id=\"f76a3df\" data-element_type=\"widget\" data-widget_type=\"heading.default\">\n\t\t\t\t<div class=\"elementor-widget-container\">\n\t\t\t<h2 class=\"elementor-heading-title elementor-size-default\">Contact<\/h2>\t\t<\/div>\n\t\t\t\t<\/div>\n\t\t\t\t<div class=\"elementor-element elementor-element-684b478 elementor-widget elementor-widget-heading\" data-id=\"684b478\" data-element_type=\"widget\" data-widget_type=\"heading.default\">\n\t\t\t\t<div class=\"elementor-widget-container\">\n\t\t\t<h2 class=\"elementor-heading-title elementor-size-default\">We look forward to hearing from you.<\/h2>\t\t<\/div>\n\t\t\t\t<\/div>\n\t\t\t\t<div class=\"elementor-element elementor-element-897f222 elementor-widget elementor-widget-image\" data-id=\"897f222\" data-element_type=\"widget\" data-widget_type=\"image.default\">\n\t\t\t\t<div class=\"elementor-widget-container\">\n\t\t\t\t\t\t\t\t\t\t\t\t\t<img decoding=\"async\" width=\"1\" height=\"90\" src=\"https:\/\/www.wiba-bauspenglerei.ch\/wp-content\/uploads\/2023\/04\/line-a.svg\" class=\"attachment-large size-large wp-image-29625\" alt=\"\" \/>\t\t\t\t\t\t\t\t\t\t\t\t\t<\/div>\n\t\t\t\t<\/div>\n\t\t\t\t<div class=\"elementor-element elementor-element-860144c elementor-widget__width-auto elementor-widget elementor-widget-button\" data-id=\"860144c\" data-element_type=\"widget\" data-widget_type=\"button.default\">\n\t\t\t\t<div class=\"elementor-widget-container\">\n\t\t\t\t\t<div class=\"elementor-button-wrapper\">\n\t\t\t<a class=\"elementor-button elementor-button-link elementor-size-sm\" href=\"https:\/\/www.wiba-bauspenglerei.ch\/en\/kontakt\/\">\n\t\t\t\t\t\t<span class=\"elementor-button-content-wrapper\">\n\t\t\t\t\t\t\t\t\t<span class=\"elementor-button-text\">Contact us<\/span>\n\t\t\t\t\t<\/span>\n\t\t\t\t\t<\/a>\n\t\t<\/div>\n\t\t\t\t<\/div>\n\t\t\t\t<\/div>\n\t\t\t\t\t<\/div>\n\t\t<\/div>\n\t\t\t\t\t<\/div>\n\t\t<\/section>\n\t\t\t\t<\/div>","protected":false},"excerpt":{"rendered":"<p>Unterhalt Die passende Pflege Unser Angebot Wir unterst\u00fctzen Sie bei allen Vorkehrungen, um Ihr Geb\u00e4udes von der Fassade bis zum Dach dauerhaft in einem einwandfreien Zu- stand zu halten. Der Unterhalt eines Geb\u00e4udes ist wichtig, um eine tadellose Optik zu erhalten und einen optimalen Schutz vor Witterung, Brand und Energieverlust zu gew\u00e4hrleisten. Wir sind Ihr [&hellip;]<\/p>","protected":false},"author":1,"featured_media":32504,"parent":0,"menu_order":5,"comment_status":"closed","ping_status":"closed","template":"elementor_header_footer","meta":{"footnotes":""},"yoast_head":"<!-- This site is optimized with the Yoast SEO plugin v23.0 - https:\/\/yoast.com\/wordpress\/plugins\/seo\/ -->\n<title>Unterhalt - WIBA Spenglerei &amp; Flachdach GmbH<\/title>\n<meta name=\"description\" content=\"WIBA, Ihr Unterhalt-Experte. Wir unterst\u00fctzen bei allen Vorkehrungen, um Geb\u00e4ude von Fassade bis Dach in Top-Zustand zu halten.\" \/>\n<meta name=\"robots\" content=\"index, follow, max-snippet:-1, max-image-preview:large, max-video-preview:-1\" \/>\n<link rel=\"canonical\" href=\"https:\/\/www.wiba-bauspenglerei.ch\/en\/unterhalt\/\" \/>\n<meta property=\"og:locale\" content=\"en_US\" \/>\n<meta property=\"og:type\" content=\"article\" \/>\n<meta property=\"og:title\" content=\"Unterhalt - WIBA Spenglerei &amp; Flachdach GmbH\" \/>\n<meta property=\"og:description\" content=\"WIBA, Ihr Unterhalt-Experte. Wir unterst\u00fctzen bei allen Vorkehrungen, um Geb\u00e4ude von Fassade bis Dach in Top-Zustand zu halten.\" \/>\n<meta property=\"og:url\" content=\"https:\/\/www.wiba-bauspenglerei.ch\/en\/unterhalt\/\" \/>\n<meta property=\"og:site_name\" content=\"WIBA Spenglerei &amp; Flachdach GmbH\" \/>\n<meta property=\"article:modified_time\" content=\"2023-12-14T11:56:11+00:00\" \/>\n<meta property=\"og:image\" content=\"https:\/\/www.wiba-bauspenglerei.ch\/wp-content\/uploads\/2023\/05\/wibaa.jpg\" \/>\n\t<meta property=\"og:image:width\" content=\"1024\" \/>\n\t<meta property=\"og:image:height\" content=\"1024\" \/>\n\t<meta property=\"og:image:type\" content=\"image\/jpeg\" \/>\n<meta name=\"twitter:card\" content=\"summary_large_image\" \/>\n<meta name=\"twitter:label1\" content=\"Est. reading time\" \/>\n\t<meta name=\"twitter:data1\" content=\"1 minute\" \/>\n<script type=\"application\/ld+json\" class=\"yoast-schema-graph\">{\"@context\":\"https:\/\/schema.org\",\"@graph\":[{\"@type\":\"WebPage\",\"@id\":\"https:\/\/www.wiba-bauspenglerei.ch\/unterhalt\/\",\"url\":\"https:\/\/www.wiba-bauspenglerei.ch\/unterhalt\/\",\"name\":\"Unterhalt - WIBA Spenglerei &amp; Flachdach GmbH\",\"isPartOf\":{\"@id\":\"https:\/\/www.wiba-bauspenglerei.ch\/#website\"},\"primaryImageOfPage\":{\"@id\":\"https:\/\/www.wiba-bauspenglerei.ch\/unterhalt\/#primaryimage\"},\"image\":{\"@id\":\"https:\/\/www.wiba-bauspenglerei.ch\/unterhalt\/#primaryimage\"},\"thumbnailUrl\":\"https:\/\/www.wiba-bauspenglerei.ch\/wp-content\/uploads\/2023\/05\/wibaa.jpg\",\"datePublished\":\"2023-04-24T07:45:49+00:00\",\"dateModified\":\"2023-12-14T11:56:11+00:00\",\"description\":\"WIBA, Ihr Unterhalt-Experte. Wir unterst\u00fctzen bei allen Vorkehrungen, um Geb\u00e4ude von Fassade bis Dach in Top-Zustand zu halten.\",\"breadcrumb\":{\"@id\":\"https:\/\/www.wiba-bauspenglerei.ch\/unterhalt\/#breadcrumb\"},\"inLanguage\":\"en-US\",\"potentialAction\":[{\"@type\":\"ReadAction\",\"target\":[\"https:\/\/www.wiba-bauspenglerei.ch\/unterhalt\/\"]}]},{\"@type\":\"ImageObject\",\"inLanguage\":\"en-US\",\"@id\":\"https:\/\/www.wiba-bauspenglerei.ch\/unterhalt\/#primaryimage\",\"url\":\"https:\/\/www.wiba-bauspenglerei.ch\/wp-content\/uploads\/2023\/05\/wibaa.jpg\",\"contentUrl\":\"https:\/\/www.wiba-bauspenglerei.ch\/wp-content\/uploads\/2023\/05\/wibaa.jpg\",\"width\":1024,\"height\":1024,\"caption\":\"WIBA Spenglerei & Flachdach GmbH\"},{\"@type\":\"BreadcrumbList\",\"@id\":\"https:\/\/www.wiba-bauspenglerei.ch\/unterhalt\/#breadcrumb\",\"itemListElement\":[{\"@type\":\"ListItem\",\"position\":1,\"name\":\"Home\",\"item\":\"https:\/\/www.wiba-bauspenglerei.ch\/\"},{\"@type\":\"ListItem\",\"position\":2,\"name\":\"Unterhalt\"}]},{\"@type\":\"WebSite\",\"@id\":\"https:\/\/www.wiba-bauspenglerei.ch\/#website\",\"url\":\"https:\/\/www.wiba-bauspenglerei.ch\/\",\"name\":\"WIBA Spenglerei &amp; Flachdach GmbH\",\"description\":\"\",\"publisher\":{\"@id\":\"https:\/\/www.wiba-bauspenglerei.ch\/#organization\"},\"inLanguage\":\"en-US\"},{\"@type\":\"Organization\",\"@id\":\"https:\/\/www.wiba-bauspenglerei.ch\/#organization\",\"name\":\"WIBA Spenglerei & Flachdach\",\"url\":\"https:\/\/www.wiba-bauspenglerei.ch\/\",\"logo\":{\"@type\":\"ImageObject\",\"inLanguage\":\"en-US\",\"@id\":\"https:\/\/www.wiba-bauspenglerei.ch\/#\/schema\/logo\/image\/\",\"url\":\"https:\/\/www.wiba-bauspenglerei.ch\/wp-content\/uploads\/2023\/04\/cropped-wiba-siteicon.jpg\",\"contentUrl\":\"https:\/\/www.wiba-bauspenglerei.ch\/wp-content\/uploads\/2023\/04\/cropped-wiba-siteicon.jpg\",\"width\":512,\"height\":512,\"caption\":\"WIBA Spenglerei & Flachdach\"},\"image\":{\"@id\":\"https:\/\/www.wiba-bauspenglerei.ch\/#\/schema\/logo\/image\/\"}}]}<\/script>\n<!-- \/ Yoast SEO plugin. -->","yoast_head_json":{"title":"Unterhalt - WIBA Spenglerei &amp; Flachdach GmbH","description":"WIBA, Ihr Unterhalt-Experte. Wir unterst\u00fctzen bei allen Vorkehrungen, um Geb\u00e4ude von Fassade bis Dach in Top-Zustand zu halten.","robots":{"index":"index","follow":"follow","max-snippet":"max-snippet:-1","max-image-preview":"max-image-preview:large","max-video-preview":"max-video-preview:-1"},"canonical":"https:\/\/www.wiba-bauspenglerei.ch\/en\/unterhalt\/","og_locale":"en_US","og_type":"article","og_title":"Unterhalt - WIBA Spenglerei &amp; Flachdach GmbH","og_description":"WIBA, Ihr Unterhalt-Experte. Wir unterst\u00fctzen bei allen Vorkehrungen, um Geb\u00e4ude von Fassade bis Dach in Top-Zustand zu halten.","og_url":"https:\/\/www.wiba-bauspenglerei.ch\/en\/unterhalt\/","og_site_name":"WIBA Spenglerei &amp; Flachdach GmbH","article_modified_time":"2023-12-14T11:56:11+00:00","og_image":[{"width":1024,"height":1024,"url":"https:\/\/www.wiba-bauspenglerei.ch\/wp-content\/uploads\/2023\/05\/wibaa.jpg","type":"image\/jpeg"}],"twitter_card":"summary_large_image","twitter_misc":{"Est. reading time":"1 minute"},"schema":{"@context":"https:\/\/schema.org","@graph":[{"@type":"WebPage","@id":"https:\/\/www.wiba-bauspenglerei.ch\/unterhalt\/","url":"https:\/\/www.wiba-bauspenglerei.ch\/unterhalt\/","name":"Unterhalt - WIBA Spenglerei &amp; Flachdach GmbH","isPartOf":{"@id":"https:\/\/www.wiba-bauspenglerei.ch\/#website"},"primaryImageOfPage":{"@id":"https:\/\/www.wiba-bauspenglerei.ch\/unterhalt\/#primaryimage"},"image":{"@id":"https:\/\/www.wiba-bauspenglerei.ch\/unterhalt\/#primaryimage"},"thumbnailUrl":"https:\/\/www.wiba-bauspenglerei.ch\/wp-content\/uploads\/2023\/05\/wibaa.jpg","datePublished":"2023-04-24T07:45:49+00:00","dateModified":"2023-12-14T11:56:11+00:00","description":"WIBA, Ihr Unterhalt-Experte. Wir unterst\u00fctzen bei allen Vorkehrungen, um Geb\u00e4ude von Fassade bis Dach in Top-Zustand zu halten.","breadcrumb":{"@id":"https:\/\/www.wiba-bauspenglerei.ch\/unterhalt\/#breadcrumb"},"inLanguage":"en-US","potentialAction":[{"@type":"ReadAction","target":["https:\/\/www.wiba-bauspenglerei.ch\/unterhalt\/"]}]},{"@type":"ImageObject","inLanguage":"en-US","@id":"https:\/\/www.wiba-bauspenglerei.ch\/unterhalt\/#primaryimage","url":"https:\/\/www.wiba-bauspenglerei.ch\/wp-content\/uploads\/2023\/05\/wibaa.jpg","contentUrl":"https:\/\/www.wiba-bauspenglerei.ch\/wp-content\/uploads\/2023\/05\/wibaa.jpg","width":1024,"height":1024,"caption":"WIBA Spenglerei & Flachdach GmbH"},{"@type":"BreadcrumbList","@id":"https:\/\/www.wiba-bauspenglerei.ch\/unterhalt\/#breadcrumb","itemListElement":[{"@type":"ListItem","position":1,"name":"Home","item":"https:\/\/www.wiba-bauspenglerei.ch\/"},{"@type":"ListItem","position":2,"name":"Unterhalt"}]},{"@type":"WebSite","@id":"https:\/\/www.wiba-bauspenglerei.ch\/#website","url":"https:\/\/www.wiba-bauspenglerei.ch\/","name":"WIBA Spenglerei &amp; Flachdach GmbH","description":"","publisher":{"@id":"https:\/\/www.wiba-bauspenglerei.ch\/#organization"},"inLanguage":"en-US"},{"@type":"Organization","@id":"https:\/\/www.wiba-bauspenglerei.ch\/#organization","name":"WIBA Spenglerei & Flachdach","url":"https:\/\/www.wiba-bauspenglerei.ch\/","logo":{"@type":"ImageObject","inLanguage":"en-US","@id":"https:\/\/www.wiba-bauspenglerei.ch\/#\/schema\/logo\/image\/","url":"https:\/\/www.wiba-bauspenglerei.ch\/wp-content\/uploads\/2023\/04\/cropped-wiba-siteicon.jpg","contentUrl":"https:\/\/www.wiba-bauspenglerei.ch\/wp-content\/uploads\/2023\/04\/cropped-wiba-siteicon.jpg","width":512,"height":512,"caption":"WIBA Spenglerei & Flachdach"},"image":{"@id":"https:\/\/www.wiba-bauspenglerei.ch\/#\/schema\/logo\/image\/"}}]}},"_links":{"self":[{"href":"https:\/\/www.wiba-bauspenglerei.ch\/en\/wp-json\/wp\/v2\/pages\/28964"}],"collection":[{"href":"https:\/\/www.wiba-bauspenglerei.ch\/en\/wp-json\/wp\/v2\/pages"}],"about":[{"href":"https:\/\/www.wiba-bauspenglerei.ch\/en\/wp-json\/wp\/v2\/types\/page"}],"author":[{"embeddable":true,"href":"https:\/\/www.wiba-bauspenglerei.ch\/en\/wp-json\/wp\/v2\/users\/1"}],"replies":[{"embeddable":true,"href":"https:\/\/www.wiba-bauspenglerei.ch\/en\/wp-json\/wp\/v2\/comments?post=28964"}],"version-history":[{"count":72,"href":"https:\/\/www.wiba-bauspenglerei.ch\/en\/wp-json\/wp\/v2\/pages\/28964\/revisions"}],"predecessor-version":[{"id":33235,"href":"https:\/\/www.wiba-bauspenglerei.ch\/en\/wp-json\/wp\/v2\/pages\/28964\/revisions\/33235"}],"wp:featuredmedia":[{"embeddable":true,"href":"https:\/\/www.wiba-bauspenglerei.ch\/en\/wp-json\/wp\/v2\/media\/32504"}],"wp:attachment":[{"href":"https:\/\/www.wiba-bauspenglerei.ch\/en\/wp-json\/wp\/v2\/media?parent=28964"}],"curies":[{"name":"wp","href":"https:\/\/api.w.org\/{rel}","templated":true}]}}