{"id":28966,"date":"2023-04-24T09:46:06","date_gmt":"2023-04-24T07:46:06","guid":{"rendered":"https:\/\/bw103.brentex-webprojekt.ch\/?page_id=28966"},"modified":"2023-12-14T12:59:13","modified_gmt":"2023-12-14T11:59:13","slug":"reparaturen","status":"publish","type":"page","link":"https:\/\/www.wiba-bauspenglerei.ch\/en\/reparaturen\/","title":{"rendered":"Repairs"},"content":{"rendered":"<div data-elementor-type=\"wp-page\" data-elementor-id=\"28966\" class=\"elementor elementor-28966\" data-elementor-post-type=\"page\">\n\t\t\t\t\t\t<section class=\"elementor-section elementor-top-section elementor-element elementor-element-c9e0431 elementor-section-height-min-height elementor-section-boxed elementor-section-height-default elementor-section-items-middle\" data-id=\"c9e0431\" data-element_type=\"section\" data-settings=\"{&quot;_ha_eqh_enable&quot;:false}\">\n\t\t\t\t\t\t<div class=\"elementor-container elementor-column-gap-default\">\n\t\t\t\t\t<div class=\"elementor-column elementor-col-100 elementor-top-column elementor-element elementor-element-6b5220f\" data-id=\"6b5220f\" data-element_type=\"column\">\n\t\t\t<div class=\"elementor-widget-wrap elementor-element-populated\">\n\t\t\t\t\t\t<div class=\"elementor-element elementor-element-865d784 elementor-widget__width-auto elementor-widget elementor-widget-heading\" data-id=\"865d784\" data-element_type=\"widget\" data-widget_type=\"heading.default\">\n\t\t\t\t<div class=\"elementor-widget-container\">\n\t\t\t<h2 class=\"elementor-heading-title elementor-size-default\">Repairs<\/h2>\t\t<\/div>\n\t\t\t\t<\/div>\n\t\t\t\t<div class=\"elementor-element elementor-element-acc0de8 elementor-widget elementor-widget-heading\" data-id=\"acc0de8\" data-element_type=\"widget\" data-widget_type=\"heading.default\">\n\t\t\t\t<div class=\"elementor-widget-container\">\n\t\t\t<h2 class=\"elementor-heading-title elementor-size-default\">Weak points<\/h2>\t\t<\/div>\n\t\t\t\t<\/div>\n\t\t\t\t\t<\/div>\n\t\t<\/div>\n\t\t\t\t\t<\/div>\n\t\t<\/section>\n\t\t\t\t<section class=\"elementor-section elementor-top-section elementor-element elementor-element-eb72bb0 elementor-section-boxed elementor-section-height-default elementor-section-height-default\" data-id=\"eb72bb0\" data-element_type=\"section\" data-settings=\"{&quot;background_background&quot;:&quot;classic&quot;,&quot;_ha_eqh_enable&quot;:false}\">\n\t\t\t\t\t\t<div class=\"elementor-container elementor-column-gap-default\">\n\t\t\t\t\t<div class=\"elementor-column elementor-col-100 elementor-top-column elementor-element elementor-element-2c035c4\" data-id=\"2c035c4\" data-element_type=\"column\" data-settings=\"{&quot;background_background&quot;:&quot;classic&quot;}\">\n\t\t\t<div class=\"elementor-widget-wrap elementor-element-populated\">\n\t\t\t\t\t\t<div class=\"elementor-element elementor-element-07feff8 elementor-widget elementor-widget-spacer\" data-id=\"07feff8\" data-element_type=\"widget\" data-widget_type=\"spacer.default\">\n\t\t\t\t<div class=\"elementor-widget-container\">\n\t\t\t\t\t<div class=\"elementor-spacer\">\n\t\t\t<div class=\"elementor-spacer-inner\"><\/div>\n\t\t<\/div>\n\t\t\t\t<\/div>\n\t\t\t\t<\/div>\n\t\t\t\t\t<\/div>\n\t\t<\/div>\n\t\t\t\t\t<\/div>\n\t\t<\/section>\n\t\t\t\t<section class=\"elementor-section elementor-top-section elementor-element elementor-element-fa9275b elementor-section-boxed elementor-section-height-default elementor-section-height-default\" data-id=\"fa9275b\" data-element_type=\"section\" data-settings=\"{&quot;background_background&quot;:&quot;classic&quot;,&quot;_ha_eqh_enable&quot;:false}\">\n\t\t\t\t\t\t<div class=\"elementor-container elementor-column-gap-default\">\n\t\t\t\t\t<div class=\"elementor-column elementor-col-50 elementor-top-column elementor-element elementor-element-d63922e\" data-id=\"d63922e\" data-element_type=\"column\">\n\t\t\t<div class=\"elementor-widget-wrap elementor-element-populated\">\n\t\t\t\t\t\t<div class=\"elementor-element elementor-element-ab667d0 elementor-widget__width-auto elementor-widget elementor-widget-heading\" data-id=\"ab667d0\" data-element_type=\"widget\" data-widget_type=\"heading.default\">\n\t\t\t\t<div class=\"elementor-widget-container\">\n\t\t\t<h2 class=\"elementor-heading-title elementor-size-default\">Our offer<\/h2>\t\t<\/div>\n\t\t\t\t<\/div>\n\t\t\t\t\t<\/div>\n\t\t<\/div>\n\t\t\t\t<div class=\"elementor-column elementor-col-50 elementor-top-column elementor-element elementor-element-919f65d\" data-id=\"919f65d\" data-element_type=\"column\">\n\t\t\t<div class=\"elementor-widget-wrap elementor-element-populated\">\n\t\t\t\t\t\t<div class=\"elementor-element elementor-element-3bac720 elementor-widget elementor-widget-heading\" data-id=\"3bac720\" data-element_type=\"widget\" data-widget_type=\"heading.default\">\n\t\t\t\t<div class=\"elementor-widget-container\">\n\t\t\t<h2 class=\"elementor-heading-title elementor-size-default\"><div class=\"entext\">Necessary repairs to the roof or facade of your building should always be carried out by your professionals from WIBA.<\/div><\/h2>\t\t<\/div>\n\t\t\t\t<\/div>\n\t\t\t\t<div class=\"elementor-element elementor-element-fbb6cca elementor-widget elementor-widget-text-editor\" data-id=\"fbb6cca\" data-element_type=\"widget\" data-widget_type=\"text-editor.default\">\n\t\t\t\t<div class=\"elementor-widget-container\">\n\t\t\t\t\t\t\t<p>Do you need professional support for repairs? Then you have come to the right place. We will check your request and fix all damages fast and carefully.<\/p><p>Why we are your partner for repairs:<br \/><strong>\u2022 <\/strong>State of the art equipment<br \/><strong>\u2022 <\/strong>Experienced team that knows what's important<br \/><strong>\u2022 <\/strong>Excellent safety precautions<br \/><strong>\u2022 <\/strong>Reliable and accurate way of working<\/p><p>Repairs are carried out by our team quickly and at attractive conditions. You can count on our support.<\/p>\t\t\t\t\t\t<\/div>\n\t\t\t\t<\/div>\n\t\t\t\t\t<\/div>\n\t\t<\/div>\n\t\t\t\t\t<\/div>\n\t\t<\/section>\n\t\t\t\t<section class=\"elementor-section elementor-top-section elementor-element elementor-element-472c744 elementor-section-full_width elementor-section-height-default elementor-section-height-default\" data-id=\"472c744\" data-element_type=\"section\" data-settings=\"{&quot;background_background&quot;:&quot;gradient&quot;,&quot;_ha_eqh_enable&quot;:false}\">\n\t\t\t\t\t\t<div class=\"elementor-container elementor-column-gap-default\">\n\t\t\t\t\t<div class=\"elementor-column elementor-col-33 elementor-top-column elementor-element elementor-element-7454334\" data-id=\"7454334\" data-element_type=\"column\" data-settings=\"{&quot;background_background&quot;:&quot;classic&quot;}\">\n\t\t\t<div class=\"elementor-widget-wrap elementor-element-populated\">\n\t\t\t\t\t\t<div class=\"elementor-element elementor-element-241e002 elementor-widget elementor-widget-spacer\" data-id=\"241e002\" data-element_type=\"widget\" data-widget_type=\"spacer.default\">\n\t\t\t\t<div class=\"elementor-widget-container\">\n\t\t\t\t\t<div class=\"elementor-spacer\">\n\t\t\t<div class=\"elementor-spacer-inner\"><\/div>\n\t\t<\/div>\n\t\t\t\t<\/div>\n\t\t\t\t<\/div>\n\t\t\t\t\t<\/div>\n\t\t<\/div>\n\t\t\t\t<div class=\"elementor-column elementor-col-33 elementor-top-column elementor-element elementor-element-ef0f8b7\" data-id=\"ef0f8b7\" data-element_type=\"column\" data-settings=\"{&quot;background_background&quot;:&quot;classic&quot;}\">\n\t\t\t<div class=\"elementor-widget-wrap elementor-element-populated\">\n\t\t\t\t\t\t<div class=\"elementor-element elementor-element-3c0869e elementor-widget elementor-widget-spacer\" data-id=\"3c0869e\" data-element_type=\"widget\" data-widget_type=\"spacer.default\">\n\t\t\t\t<div class=\"elementor-widget-container\">\n\t\t\t\t\t<div class=\"elementor-spacer\">\n\t\t\t<div class=\"elementor-spacer-inner\"><\/div>\n\t\t<\/div>\n\t\t\t\t<\/div>\n\t\t\t\t<\/div>\n\t\t\t\t\t<\/div>\n\t\t<\/div>\n\t\t\t\t<div class=\"elementor-column elementor-col-33 elementor-top-column elementor-element elementor-element-d0cf960\" data-id=\"d0cf960\" data-element_type=\"column\" data-settings=\"{&quot;background_background&quot;:&quot;classic&quot;}\">\n\t\t\t<div class=\"elementor-widget-wrap elementor-element-populated\">\n\t\t\t\t\t\t<div class=\"elementor-element elementor-element-92428ef elementor-widget elementor-widget-spacer\" data-id=\"92428ef\" data-element_type=\"widget\" data-widget_type=\"spacer.default\">\n\t\t\t\t<div class=\"elementor-widget-container\">\n\t\t\t\t\t<div class=\"elementor-spacer\">\n\t\t\t<div class=\"elementor-spacer-inner\"><\/div>\n\t\t<\/div>\n\t\t\t\t<\/div>\n\t\t\t\t<\/div>\n\t\t\t\t\t<\/div>\n\t\t<\/div>\n\t\t\t\t\t<\/div>\n\t\t<\/section>\n\t\t\t\t<section class=\"elementor-section elementor-top-section elementor-element elementor-element-87a9789 elementor-section-boxed elementor-section-height-default elementor-section-height-default\" data-id=\"87a9789\" data-element_type=\"section\" data-settings=\"{&quot;background_background&quot;:&quot;classic&quot;,&quot;_ha_eqh_enable&quot;:false}\">\n\t\t\t\t\t\t<div class=\"elementor-container elementor-column-gap-default\">\n\t\t\t\t\t<div class=\"elementor-column elementor-col-50 elementor-top-column elementor-element elementor-element-bbb560c\" data-id=\"bbb560c\" data-element_type=\"column\">\n\t\t\t<div class=\"elementor-widget-wrap elementor-element-populated\">\n\t\t\t\t\t\t<div class=\"elementor-element elementor-element-153c125 elementor-widget__width-auto elementor-widget elementor-widget-heading\" data-id=\"153c125\" data-element_type=\"widget\" data-widget_type=\"heading.default\">\n\t\t\t\t<div class=\"elementor-widget-container\">\n\t\t\t<h2 class=\"elementor-heading-title elementor-size-default\">Our service<\/h2>\t\t<\/div>\n\t\t\t\t<\/div>\n\t\t\t\t\t<\/div>\n\t\t<\/div>\n\t\t\t\t<div class=\"elementor-column elementor-col-50 elementor-top-column elementor-element elementor-element-6f7c664\" data-id=\"6f7c664\" data-element_type=\"column\">\n\t\t\t<div class=\"elementor-widget-wrap elementor-element-populated\">\n\t\t\t\t\t\t<div class=\"elementor-element elementor-element-20bb943 elementor-widget elementor-widget-eael-adv-accordion\" data-id=\"20bb943\" data-element_type=\"widget\" data-widget_type=\"eael-adv-accordion.default\">\n\t\t\t\t<div class=\"elementor-widget-container\">\n\t\t\t        <div class=\"eael-adv-accordion\" id=\"eael-adv-accordion-20bb943\" data-scroll-on-click=\"no\" data-scroll-speed=\"300\" data-accordion-id=\"20bb943\" data-accordion-type=\"accordion\" data-toogle-speed=\"300\">\n    <div class=\"eael-accordion-list\">\n                <div id=\"umfangreiche-expertise\" class=\"elementor-tab-title eael-accordion-header\" tabindex=\"0\" data-tab=\"1\" aria-controls=\"elementor-tab-content-3431\"><span class=\"eael-accordion-tab-title\">Broad expertise<\/span><i aria-hidden=\"true\" class=\"fa-toggle icon icon-plus\"><\/i><\/div><div id=\"elementor-tab-content-3431\" class=\"eael-accordion-content clearfix\" data-tab=\"1\" aria-labelledby=\"umfangreiche-expertise\"><p>If your roof has been damaged due to a storm or other events, you should react quickly. In this case, WIBA Spenglerei &amp; Flachdach is your reliable partner. Contact us immediately - we know exactly how to repair the damage.<\/p><\/div>\n                <\/div><div class=\"eael-accordion-list\">\n                <div id=\"schnelle-ergebnisse\" class=\"elementor-tab-title eael-accordion-header\" tabindex=\"0\" data-tab=\"2\" aria-controls=\"elementor-tab-content-3432\"><span class=\"eael-accordion-tab-title\">Fast results<\/span><i aria-hidden=\"true\" class=\"fa-toggle icon icon-plus\"><\/i><\/div><div id=\"elementor-tab-content-3432\" class=\"eael-accordion-content clearfix\" data-tab=\"2\" aria-labelledby=\"schnelle-ergebnisse\"><p>We take care of your repairs quickly to save you unnecessary stress and high costs. Our fast-paced work approach allows us to repair damage quickly, so you can get back to other things with less worry.<\/p><\/div>\n                <\/div><div class=\"eael-accordion-list\">\n                <div id=\"tipps-zur-prvention\" class=\"elementor-tab-title eael-accordion-header\" tabindex=\"0\" data-tab=\"3\" aria-controls=\"elementor-tab-content-3433\"><span class=\"eael-accordion-tab-title\">Prevention tips<\/span><i aria-hidden=\"true\" class=\"fa-toggle icon icon-plus\"><\/i><\/div><div id=\"elementor-tab-content-3433\" class=\"eael-accordion-content clearfix\" data-tab=\"3\" aria-labelledby=\"tipps-zur-prvention\"><p>We will be happy to provide you with useful tips on what measures you can take to effectively prevent damage to the roof or facade of your home.<\/p><\/div>\n                <\/div><\/div>\t\t<\/div>\n\t\t\t\t<\/div>\n\t\t\t\t\t<\/div>\n\t\t<\/div>\n\t\t\t\t\t<\/div>\n\t\t<\/section>\n\t\t\t\t<section class=\"elementor-section elementor-top-section elementor-element elementor-element-b1059c3 elementor-section-boxed elementor-section-height-default elementor-section-height-default\" data-id=\"b1059c3\" data-element_type=\"section\" data-settings=\"{&quot;background_background&quot;:&quot;classic&quot;,&quot;_ha_eqh_enable&quot;:false}\">\n\t\t\t\t\t\t\t<div class=\"elementor-background-overlay\"><\/div>\n\t\t\t\t\t\t\t<div class=\"elementor-container elementor-column-gap-default\">\n\t\t\t\t\t<div class=\"elementor-column elementor-col-100 elementor-top-column elementor-element elementor-element-8322ed7\" data-id=\"8322ed7\" data-element_type=\"column\">\n\t\t\t<div class=\"elementor-widget-wrap elementor-element-populated\">\n\t\t\t\t\t\t<div class=\"elementor-element elementor-element-9f97595 elementor-widget__width-auto elementor-widget elementor-widget-heading\" data-id=\"9f97595\" data-element_type=\"widget\" data-widget_type=\"heading.default\">\n\t\t\t\t<div class=\"elementor-widget-container\">\n\t\t\t<h2 class=\"elementor-heading-title elementor-size-default\">Contact<\/h2>\t\t<\/div>\n\t\t\t\t<\/div>\n\t\t\t\t<div class=\"elementor-element elementor-element-464976b elementor-widget elementor-widget-heading\" data-id=\"464976b\" data-element_type=\"widget\" data-widget_type=\"heading.default\">\n\t\t\t\t<div class=\"elementor-widget-container\">\n\t\t\t<h2 class=\"elementor-heading-title elementor-size-default\">We look forward to hearing from you.<\/h2>\t\t<\/div>\n\t\t\t\t<\/div>\n\t\t\t\t<div class=\"elementor-element elementor-element-da55540 elementor-widget elementor-widget-image\" data-id=\"da55540\" data-element_type=\"widget\" data-widget_type=\"image.default\">\n\t\t\t\t<div class=\"elementor-widget-container\">\n\t\t\t\t\t\t\t\t\t\t\t\t\t<img decoding=\"async\" width=\"1\" height=\"90\" src=\"https:\/\/www.wiba-bauspenglerei.ch\/wp-content\/uploads\/2023\/04\/line-a.svg\" class=\"attachment-large size-large wp-image-29625\" alt=\"\" \/>\t\t\t\t\t\t\t\t\t\t\t\t\t<\/div>\n\t\t\t\t<\/div>\n\t\t\t\t<div class=\"elementor-element elementor-element-2952bf6 elementor-widget__width-auto elementor-widget elementor-widget-button\" data-id=\"2952bf6\" data-element_type=\"widget\" data-widget_type=\"button.default\">\n\t\t\t\t<div class=\"elementor-widget-container\">\n\t\t\t\t\t<div class=\"elementor-button-wrapper\">\n\t\t\t<a class=\"elementor-button elementor-button-link elementor-size-sm\" href=\"https:\/\/www.wiba-bauspenglerei.ch\/en\/kontakt\/\">\n\t\t\t\t\t\t<span class=\"elementor-button-content-wrapper\">\n\t\t\t\t\t\t\t\t\t<span class=\"elementor-button-text\">Contact us<\/span>\n\t\t\t\t\t<\/span>\n\t\t\t\t\t<\/a>\n\t\t<\/div>\n\t\t\t\t<\/div>\n\t\t\t\t<\/div>\n\t\t\t\t\t<\/div>\n\t\t<\/div>\n\t\t\t\t\t<\/div>\n\t\t<\/section>\n\t\t\t\t<\/div>","protected":false},"excerpt":{"rendered":"<p>Reparaturen Wartung vom Fachmann Unser Angebot Ben\u00f6tigen Sie professionelle Unterst\u00fctzung bei Reparaturen? Dann sind Sie bei uns richtig. Wir pr\u00fcfen Ihr Anliegen und beheben alle M\u00e4ngel zeitnah und sorgf\u00e4ltig. Ben\u00f6tigen Sie professionelle Unterst\u00fctzung bei der Reparatur? Bei uns sind Sie gut aufgehoben. Wir pr\u00fcfen Ihr Anliegen und beheben alle M\u00e4ngel zeitnah und sorgf\u00e4ltig. Warum wir [&hellip;]<\/p>","protected":false},"author":1,"featured_media":32504,"parent":0,"menu_order":6,"comment_status":"closed","ping_status":"closed","template":"elementor_header_footer","meta":{"footnotes":""},"yoast_head":"<!-- This site is optimized with the Yoast SEO plugin v23.0 - https:\/\/yoast.com\/wordpress\/plugins\/seo\/ -->\n<title>Reparaturen - WIBA Spenglerei &amp; Flachdach GmbH<\/title>\n<meta name=\"description\" content=\"Professionelle Unterst\u00fctzung f\u00fcr Reparaturen? Wiba-Experten pr\u00fcfen und beheben M\u00e4ngel z\u00fcgig und sorgf\u00e4ltig, f\u00fcr Ihre Zufriedenheit.\" \/>\n<meta name=\"robots\" content=\"index, follow, max-snippet:-1, max-image-preview:large, max-video-preview:-1\" \/>\n<link rel=\"canonical\" href=\"https:\/\/www.wiba-bauspenglerei.ch\/en\/reparaturen\/\" \/>\n<meta property=\"og:locale\" content=\"en_US\" \/>\n<meta property=\"og:type\" content=\"article\" \/>\n<meta property=\"og:title\" content=\"Reparaturen - WIBA Spenglerei &amp; Flachdach GmbH\" \/>\n<meta property=\"og:description\" content=\"Professionelle Unterst\u00fctzung f\u00fcr Reparaturen? Wiba-Experten pr\u00fcfen und beheben M\u00e4ngel z\u00fcgig und sorgf\u00e4ltig, f\u00fcr Ihre Zufriedenheit.\" \/>\n<meta property=\"og:url\" content=\"https:\/\/www.wiba-bauspenglerei.ch\/en\/reparaturen\/\" \/>\n<meta property=\"og:site_name\" content=\"WIBA Spenglerei &amp; Flachdach GmbH\" \/>\n<meta property=\"article:modified_time\" content=\"2023-12-14T11:59:13+00:00\" \/>\n<meta property=\"og:image\" content=\"https:\/\/www.wiba-bauspenglerei.ch\/wp-content\/uploads\/2023\/05\/wibaa.jpg\" \/>\n\t<meta property=\"og:image:width\" content=\"1024\" \/>\n\t<meta property=\"og:image:height\" content=\"1024\" \/>\n\t<meta property=\"og:image:type\" content=\"image\/jpeg\" \/>\n<meta name=\"twitter:card\" content=\"summary_large_image\" \/>\n<meta name=\"twitter:label1\" content=\"Est. reading time\" \/>\n\t<meta name=\"twitter:data1\" content=\"1 minute\" \/>\n<script type=\"application\/ld+json\" class=\"yoast-schema-graph\">{\"@context\":\"https:\/\/schema.org\",\"@graph\":[{\"@type\":\"WebPage\",\"@id\":\"https:\/\/www.wiba-bauspenglerei.ch\/en\/reparaturen\/\",\"url\":\"https:\/\/www.wiba-bauspenglerei.ch\/en\/reparaturen\/\",\"name\":\"Reparaturen - WIBA Spenglerei &amp; Flachdach GmbH\",\"isPartOf\":{\"@id\":\"https:\/\/www.wiba-bauspenglerei.ch\/#website\"},\"primaryImageOfPage\":{\"@id\":\"https:\/\/www.wiba-bauspenglerei.ch\/en\/reparaturen\/#primaryimage\"},\"image\":{\"@id\":\"https:\/\/www.wiba-bauspenglerei.ch\/en\/reparaturen\/#primaryimage\"},\"thumbnailUrl\":\"https:\/\/www.wiba-bauspenglerei.ch\/wp-content\/uploads\/2023\/05\/wibaa.jpg\",\"datePublished\":\"2023-04-24T07:46:06+00:00\",\"dateModified\":\"2023-12-14T11:59:13+00:00\",\"description\":\"Professionelle Unterst\u00fctzung f\u00fcr Reparaturen? Wiba-Experten pr\u00fcfen und beheben M\u00e4ngel z\u00fcgig und sorgf\u00e4ltig, f\u00fcr Ihre Zufriedenheit.\",\"breadcrumb\":{\"@id\":\"https:\/\/www.wiba-bauspenglerei.ch\/en\/reparaturen\/#breadcrumb\"},\"inLanguage\":\"en-US\",\"potentialAction\":[{\"@type\":\"ReadAction\",\"target\":[\"https:\/\/www.wiba-bauspenglerei.ch\/en\/reparaturen\/\"]}]},{\"@type\":\"ImageObject\",\"inLanguage\":\"en-US\",\"@id\":\"https:\/\/www.wiba-bauspenglerei.ch\/en\/reparaturen\/#primaryimage\",\"url\":\"https:\/\/www.wiba-bauspenglerei.ch\/wp-content\/uploads\/2023\/05\/wibaa.jpg\",\"contentUrl\":\"https:\/\/www.wiba-bauspenglerei.ch\/wp-content\/uploads\/2023\/05\/wibaa.jpg\",\"width\":1024,\"height\":1024,\"caption\":\"WIBA Spenglerei & Flachdach GmbH\"},{\"@type\":\"BreadcrumbList\",\"@id\":\"https:\/\/www.wiba-bauspenglerei.ch\/en\/reparaturen\/#breadcrumb\",\"itemListElement\":[{\"@type\":\"ListItem\",\"position\":1,\"name\":\"Home\",\"item\":\"https:\/\/www.wiba-bauspenglerei.ch\/\"},{\"@type\":\"ListItem\",\"position\":2,\"name\":\"Reparaturen\"}]},{\"@type\":\"WebSite\",\"@id\":\"https:\/\/www.wiba-bauspenglerei.ch\/#website\",\"url\":\"https:\/\/www.wiba-bauspenglerei.ch\/\",\"name\":\"WIBA Spenglerei &amp; Flachdach GmbH\",\"description\":\"\",\"publisher\":{\"@id\":\"https:\/\/www.wiba-bauspenglerei.ch\/#organization\"},\"inLanguage\":\"en-US\"},{\"@type\":\"Organization\",\"@id\":\"https:\/\/www.wiba-bauspenglerei.ch\/#organization\",\"name\":\"WIBA Spenglerei & Flachdach\",\"url\":\"https:\/\/www.wiba-bauspenglerei.ch\/\",\"logo\":{\"@type\":\"ImageObject\",\"inLanguage\":\"en-US\",\"@id\":\"https:\/\/www.wiba-bauspenglerei.ch\/#\/schema\/logo\/image\/\",\"url\":\"https:\/\/www.wiba-bauspenglerei.ch\/wp-content\/uploads\/2023\/04\/cropped-wiba-siteicon.jpg\",\"contentUrl\":\"https:\/\/www.wiba-bauspenglerei.ch\/wp-content\/uploads\/2023\/04\/cropped-wiba-siteicon.jpg\",\"width\":512,\"height\":512,\"caption\":\"WIBA Spenglerei & Flachdach\"},\"image\":{\"@id\":\"https:\/\/www.wiba-bauspenglerei.ch\/#\/schema\/logo\/image\/\"}}]}<\/script>\n<!-- \/ Yoast SEO plugin. -->","yoast_head_json":{"title":"Reparaturen - WIBA Spenglerei &amp; Flachdach GmbH","description":"Professionelle Unterst\u00fctzung f\u00fcr Reparaturen? Wiba-Experten pr\u00fcfen und beheben M\u00e4ngel z\u00fcgig und sorgf\u00e4ltig, f\u00fcr Ihre Zufriedenheit.","robots":{"index":"index","follow":"follow","max-snippet":"max-snippet:-1","max-image-preview":"max-image-preview:large","max-video-preview":"max-video-preview:-1"},"canonical":"https:\/\/www.wiba-bauspenglerei.ch\/en\/reparaturen\/","og_locale":"en_US","og_type":"article","og_title":"Reparaturen - WIBA Spenglerei &amp; Flachdach GmbH","og_description":"Professionelle Unterst\u00fctzung f\u00fcr Reparaturen? Wiba-Experten pr\u00fcfen und beheben M\u00e4ngel z\u00fcgig und sorgf\u00e4ltig, f\u00fcr Ihre Zufriedenheit.","og_url":"https:\/\/www.wiba-bauspenglerei.ch\/en\/reparaturen\/","og_site_name":"WIBA Spenglerei &amp; Flachdach GmbH","article_modified_time":"2023-12-14T11:59:13+00:00","og_image":[{"width":1024,"height":1024,"url":"https:\/\/www.wiba-bauspenglerei.ch\/wp-content\/uploads\/2023\/05\/wibaa.jpg","type":"image\/jpeg"}],"twitter_card":"summary_large_image","twitter_misc":{"Est. reading time":"1 minute"},"schema":{"@context":"https:\/\/schema.org","@graph":[{"@type":"WebPage","@id":"https:\/\/www.wiba-bauspenglerei.ch\/en\/reparaturen\/","url":"https:\/\/www.wiba-bauspenglerei.ch\/en\/reparaturen\/","name":"Reparaturen - WIBA Spenglerei &amp; Flachdach GmbH","isPartOf":{"@id":"https:\/\/www.wiba-bauspenglerei.ch\/#website"},"primaryImageOfPage":{"@id":"https:\/\/www.wiba-bauspenglerei.ch\/en\/reparaturen\/#primaryimage"},"image":{"@id":"https:\/\/www.wiba-bauspenglerei.ch\/en\/reparaturen\/#primaryimage"},"thumbnailUrl":"https:\/\/www.wiba-bauspenglerei.ch\/wp-content\/uploads\/2023\/05\/wibaa.jpg","datePublished":"2023-04-24T07:46:06+00:00","dateModified":"2023-12-14T11:59:13+00:00","description":"Professionelle Unterst\u00fctzung f\u00fcr Reparaturen? Wiba-Experten pr\u00fcfen und beheben M\u00e4ngel z\u00fcgig und sorgf\u00e4ltig, f\u00fcr Ihre Zufriedenheit.","breadcrumb":{"@id":"https:\/\/www.wiba-bauspenglerei.ch\/en\/reparaturen\/#breadcrumb"},"inLanguage":"en-US","potentialAction":[{"@type":"ReadAction","target":["https:\/\/www.wiba-bauspenglerei.ch\/en\/reparaturen\/"]}]},{"@type":"ImageObject","inLanguage":"en-US","@id":"https:\/\/www.wiba-bauspenglerei.ch\/en\/reparaturen\/#primaryimage","url":"https:\/\/www.wiba-bauspenglerei.ch\/wp-content\/uploads\/2023\/05\/wibaa.jpg","contentUrl":"https:\/\/www.wiba-bauspenglerei.ch\/wp-content\/uploads\/2023\/05\/wibaa.jpg","width":1024,"height":1024,"caption":"WIBA Spenglerei & Flachdach GmbH"},{"@type":"BreadcrumbList","@id":"https:\/\/www.wiba-bauspenglerei.ch\/en\/reparaturen\/#breadcrumb","itemListElement":[{"@type":"ListItem","position":1,"name":"Home","item":"https:\/\/www.wiba-bauspenglerei.ch\/"},{"@type":"ListItem","position":2,"name":"Reparaturen"}]},{"@type":"WebSite","@id":"https:\/\/www.wiba-bauspenglerei.ch\/#website","url":"https:\/\/www.wiba-bauspenglerei.ch\/","name":"WIBA Spenglerei &amp; Flachdach GmbH","description":"","publisher":{"@id":"https:\/\/www.wiba-bauspenglerei.ch\/#organization"},"inLanguage":"en-US"},{"@type":"Organization","@id":"https:\/\/www.wiba-bauspenglerei.ch\/#organization","name":"WIBA Spenglerei & Flachdach","url":"https:\/\/www.wiba-bauspenglerei.ch\/","logo":{"@type":"ImageObject","inLanguage":"en-US","@id":"https:\/\/www.wiba-bauspenglerei.ch\/#\/schema\/logo\/image\/","url":"https:\/\/www.wiba-bauspenglerei.ch\/wp-content\/uploads\/2023\/04\/cropped-wiba-siteicon.jpg","contentUrl":"https:\/\/www.wiba-bauspenglerei.ch\/wp-content\/uploads\/2023\/04\/cropped-wiba-siteicon.jpg","width":512,"height":512,"caption":"WIBA Spenglerei & Flachdach"},"image":{"@id":"https:\/\/www.wiba-bauspenglerei.ch\/#\/schema\/logo\/image\/"}}]}},"_links":{"self":[{"href":"https:\/\/www.wiba-bauspenglerei.ch\/en\/wp-json\/wp\/v2\/pages\/28966"}],"collection":[{"href":"https:\/\/www.wiba-bauspenglerei.ch\/en\/wp-json\/wp\/v2\/pages"}],"about":[{"href":"https:\/\/www.wiba-bauspenglerei.ch\/en\/wp-json\/wp\/v2\/types\/page"}],"author":[{"embeddable":true,"href":"https:\/\/www.wiba-bauspenglerei.ch\/en\/wp-json\/wp\/v2\/users\/1"}],"replies":[{"embeddable":true,"href":"https:\/\/www.wiba-bauspenglerei.ch\/en\/wp-json\/wp\/v2\/comments?post=28966"}],"version-history":[{"count":75,"href":"https:\/\/www.wiba-bauspenglerei.ch\/en\/wp-json\/wp\/v2\/pages\/28966\/revisions"}],"predecessor-version":[{"id":33236,"href":"https:\/\/www.wiba-bauspenglerei.ch\/en\/wp-json\/wp\/v2\/pages\/28966\/revisions\/33236"}],"wp:featuredmedia":[{"embeddable":true,"href":"https:\/\/www.wiba-bauspenglerei.ch\/en\/wp-json\/wp\/v2\/media\/32504"}],"wp:attachment":[{"href":"https:\/\/www.wiba-bauspenglerei.ch\/en\/wp-json\/wp\/v2\/media?parent=28966"}],"curies":[{"name":"wp","href":"https:\/\/api.w.org\/{rel}","templated":true}]}}