{"id":28968,"date":"2023-04-24T09:46:23","date_gmt":"2023-04-24T07:46:23","guid":{"rendered":"https:\/\/bw103.brentex-webprojekt.ch\/?page_id=28968"},"modified":"2023-12-14T13:02:44","modified_gmt":"2023-12-14T12:02:44","slug":"dachfenster","status":"publish","type":"page","link":"https:\/\/www.wiba-bauspenglerei.ch\/en\/dachfenster\/","title":{"rendered":"Skylights"},"content":{"rendered":"<div data-elementor-type=\"wp-page\" data-elementor-id=\"28968\" class=\"elementor elementor-28968\" data-elementor-post-type=\"page\">\n\t\t\t\t\t\t<section class=\"elementor-section elementor-top-section elementor-element elementor-element-a2b9216 elementor-section-height-min-height elementor-section-boxed elementor-section-height-default elementor-section-items-middle\" data-id=\"a2b9216\" data-element_type=\"section\" data-settings=\"{&quot;_ha_eqh_enable&quot;:false}\">\n\t\t\t\t\t\t<div class=\"elementor-container elementor-column-gap-default\">\n\t\t\t\t\t<div class=\"elementor-column elementor-col-100 elementor-top-column elementor-element elementor-element-b780c3c\" data-id=\"b780c3c\" data-element_type=\"column\">\n\t\t\t<div class=\"elementor-widget-wrap elementor-element-populated\">\n\t\t\t\t\t\t<div class=\"elementor-element elementor-element-22e9266 elementor-widget__width-auto elementor-widget elementor-widget-heading\" data-id=\"22e9266\" data-element_type=\"widget\" data-widget_type=\"heading.default\">\n\t\t\t\t<div class=\"elementor-widget-container\">\n\t\t\t<h2 class=\"elementor-heading-title elementor-size-default\">Skylights<\/h2>\t\t<\/div>\n\t\t\t\t<\/div>\n\t\t\t\t<div class=\"elementor-element elementor-element-78f9efd elementor-widget elementor-widget-heading\" data-id=\"78f9efd\" data-element_type=\"widget\" data-widget_type=\"heading.default\">\n\t\t\t\t<div class=\"elementor-widget-container\">\n\t\t\t<h2 class=\"elementor-heading-title elementor-size-default\">Ideal atmosphere<\/h2>\t\t<\/div>\n\t\t\t\t<\/div>\n\t\t\t\t\t<\/div>\n\t\t<\/div>\n\t\t\t\t\t<\/div>\n\t\t<\/section>\n\t\t\t\t<section class=\"elementor-section elementor-top-section elementor-element elementor-element-7547c48 elementor-section-boxed elementor-section-height-default elementor-section-height-default\" data-id=\"7547c48\" data-element_type=\"section\" data-settings=\"{&quot;background_background&quot;:&quot;classic&quot;,&quot;_ha_eqh_enable&quot;:false}\">\n\t\t\t\t\t\t<div class=\"elementor-container elementor-column-gap-default\">\n\t\t\t\t\t<div class=\"elementor-column elementor-col-100 elementor-top-column elementor-element elementor-element-22b6e92\" data-id=\"22b6e92\" data-element_type=\"column\" data-settings=\"{&quot;background_background&quot;:&quot;classic&quot;}\">\n\t\t\t<div class=\"elementor-widget-wrap elementor-element-populated\">\n\t\t\t\t\t\t<div class=\"elementor-element elementor-element-39141ad elementor-widget elementor-widget-spacer\" data-id=\"39141ad\" data-element_type=\"widget\" data-widget_type=\"spacer.default\">\n\t\t\t\t<div class=\"elementor-widget-container\">\n\t\t\t\t\t<div class=\"elementor-spacer\">\n\t\t\t<div class=\"elementor-spacer-inner\"><\/div>\n\t\t<\/div>\n\t\t\t\t<\/div>\n\t\t\t\t<\/div>\n\t\t\t\t\t<\/div>\n\t\t<\/div>\n\t\t\t\t\t<\/div>\n\t\t<\/section>\n\t\t\t\t<section class=\"elementor-section elementor-top-section elementor-element elementor-element-c2aef2c elementor-section-boxed elementor-section-height-default elementor-section-height-default\" data-id=\"c2aef2c\" data-element_type=\"section\" data-settings=\"{&quot;background_background&quot;:&quot;classic&quot;,&quot;_ha_eqh_enable&quot;:false}\">\n\t\t\t\t\t\t<div class=\"elementor-container elementor-column-gap-default\">\n\t\t\t\t\t<div class=\"elementor-column elementor-col-50 elementor-top-column elementor-element elementor-element-cb8d91d\" data-id=\"cb8d91d\" data-element_type=\"column\">\n\t\t\t<div class=\"elementor-widget-wrap elementor-element-populated\">\n\t\t\t\t\t\t<div class=\"elementor-element elementor-element-1b7c242 elementor-widget__width-auto elementor-widget elementor-widget-heading\" data-id=\"1b7c242\" data-element_type=\"widget\" data-widget_type=\"heading.default\">\n\t\t\t\t<div class=\"elementor-widget-container\">\n\t\t\t<h2 class=\"elementor-heading-title elementor-size-default\">Our offer<\/h2>\t\t<\/div>\n\t\t\t\t<\/div>\n\t\t\t\t\t<\/div>\n\t\t<\/div>\n\t\t\t\t<div class=\"elementor-column elementor-col-50 elementor-top-column elementor-element elementor-element-ad7c86f\" data-id=\"ad7c86f\" data-element_type=\"column\">\n\t\t\t<div class=\"elementor-widget-wrap elementor-element-populated\">\n\t\t\t\t\t\t<div class=\"elementor-element elementor-element-c4728ce elementor-widget elementor-widget-heading\" data-id=\"c4728ce\" data-element_type=\"widget\" data-widget_type=\"heading.default\">\n\t\t\t\t<div class=\"elementor-widget-container\">\n\t\t\t<h2 class=\"elementor-heading-title elementor-size-default\">Would you like to have bright rooms under the roof with a lot of daylight? Roof windows provide the necessary amount of light and fresh air, thus increasing your living comfort.<\/h2>\t\t<\/div>\n\t\t\t\t<\/div>\n\t\t\t\t<div class=\"elementor-element elementor-element-f8ef2b2 elementor-widget elementor-widget-text-editor\" data-id=\"f8ef2b2\" data-element_type=\"widget\" data-widget_type=\"text-editor.default\">\n\t\t\t\t<div class=\"elementor-widget-container\">\n\t\t\t\t\t\t\t<p>If you want to install new windows or have old windows replaced, you can rely on us. We will take care of the professional installation.<\/p><p>Our portfolio:<br \/><strong>\u2022 <\/strong>Individual advice on light incidence, outlook and appearance.<br \/><strong>\u2022 <\/strong>A wide range of high quality models<br \/><strong>\u2022 <\/strong>Modern systems with useful functions<br \/><strong>\u2022 <\/strong>The right accessories for your needs<br \/><strong>\u2022 <\/strong>Precisely fitting installation<br \/><strong>\u2022 <\/strong>Exchange of old models for more energy efficient models<\/p><p>WIBA Spenglerei &amp; Flachdach is your qualified partner for all types of roofing work. Here you get everything from one source \u2013 fast and uncomplicated.<\/p>\t\t\t\t\t\t<\/div>\n\t\t\t\t<\/div>\n\t\t\t\t\t<\/div>\n\t\t<\/div>\n\t\t\t\t\t<\/div>\n\t\t<\/section>\n\t\t\t\t<section class=\"elementor-section elementor-top-section elementor-element elementor-element-a6a2f22 elementor-section-full_width elementor-section-height-default elementor-section-height-default\" data-id=\"a6a2f22\" data-element_type=\"section\" data-settings=\"{&quot;background_background&quot;:&quot;gradient&quot;,&quot;_ha_eqh_enable&quot;:false}\">\n\t\t\t\t\t\t<div class=\"elementor-container elementor-column-gap-default\">\n\t\t\t\t\t<div class=\"elementor-column elementor-col-33 elementor-top-column elementor-element elementor-element-33249f8\" data-id=\"33249f8\" data-element_type=\"column\" data-settings=\"{&quot;background_background&quot;:&quot;classic&quot;}\">\n\t\t\t<div class=\"elementor-widget-wrap elementor-element-populated\">\n\t\t\t\t\t\t<div class=\"elementor-element elementor-element-41ebc3a elementor-widget elementor-widget-spacer\" data-id=\"41ebc3a\" data-element_type=\"widget\" data-widget_type=\"spacer.default\">\n\t\t\t\t<div class=\"elementor-widget-container\">\n\t\t\t\t\t<div class=\"elementor-spacer\">\n\t\t\t<div class=\"elementor-spacer-inner\"><\/div>\n\t\t<\/div>\n\t\t\t\t<\/div>\n\t\t\t\t<\/div>\n\t\t\t\t\t<\/div>\n\t\t<\/div>\n\t\t\t\t<div class=\"elementor-column elementor-col-33 elementor-top-column elementor-element elementor-element-26f6eca\" data-id=\"26f6eca\" data-element_type=\"column\" data-settings=\"{&quot;background_background&quot;:&quot;classic&quot;}\">\n\t\t\t<div class=\"elementor-widget-wrap elementor-element-populated\">\n\t\t\t\t\t\t<div class=\"elementor-element elementor-element-9e9622f elementor-widget elementor-widget-spacer\" data-id=\"9e9622f\" data-element_type=\"widget\" data-widget_type=\"spacer.default\">\n\t\t\t\t<div class=\"elementor-widget-container\">\n\t\t\t\t\t<div class=\"elementor-spacer\">\n\t\t\t<div class=\"elementor-spacer-inner\"><\/div>\n\t\t<\/div>\n\t\t\t\t<\/div>\n\t\t\t\t<\/div>\n\t\t\t\t\t<\/div>\n\t\t<\/div>\n\t\t\t\t<div class=\"elementor-column elementor-col-33 elementor-top-column elementor-element elementor-element-130a634\" data-id=\"130a634\" data-element_type=\"column\" data-settings=\"{&quot;background_background&quot;:&quot;classic&quot;}\">\n\t\t\t<div class=\"elementor-widget-wrap elementor-element-populated\">\n\t\t\t\t\t\t<div class=\"elementor-element elementor-element-b51bf47 elementor-widget elementor-widget-spacer\" data-id=\"b51bf47\" data-element_type=\"widget\" data-widget_type=\"spacer.default\">\n\t\t\t\t<div class=\"elementor-widget-container\">\n\t\t\t\t\t<div class=\"elementor-spacer\">\n\t\t\t<div class=\"elementor-spacer-inner\"><\/div>\n\t\t<\/div>\n\t\t\t\t<\/div>\n\t\t\t\t<\/div>\n\t\t\t\t\t<\/div>\n\t\t<\/div>\n\t\t\t\t\t<\/div>\n\t\t<\/section>\n\t\t\t\t<section class=\"elementor-section elementor-top-section elementor-element elementor-element-1b33376 elementor-section-boxed elementor-section-height-default elementor-section-height-default\" data-id=\"1b33376\" data-element_type=\"section\" data-settings=\"{&quot;background_background&quot;:&quot;classic&quot;,&quot;_ha_eqh_enable&quot;:false}\">\n\t\t\t\t\t\t<div class=\"elementor-container elementor-column-gap-default\">\n\t\t\t\t\t<div class=\"elementor-column elementor-col-50 elementor-top-column elementor-element elementor-element-be80b37\" data-id=\"be80b37\" data-element_type=\"column\">\n\t\t\t<div class=\"elementor-widget-wrap elementor-element-populated\">\n\t\t\t\t\t\t<div class=\"elementor-element elementor-element-c2b168c elementor-widget__width-auto elementor-widget elementor-widget-heading\" data-id=\"c2b168c\" data-element_type=\"widget\" data-widget_type=\"heading.default\">\n\t\t\t\t<div class=\"elementor-widget-container\">\n\t\t\t<h2 class=\"elementor-heading-title elementor-size-default\">Our service<\/h2>\t\t<\/div>\n\t\t\t\t<\/div>\n\t\t\t\t\t<\/div>\n\t\t<\/div>\n\t\t\t\t<div class=\"elementor-column elementor-col-50 elementor-top-column elementor-element elementor-element-f44e9f1\" data-id=\"f44e9f1\" data-element_type=\"column\">\n\t\t\t<div class=\"elementor-widget-wrap elementor-element-populated\">\n\t\t\t\t\t\t<div class=\"elementor-element elementor-element-5bbcdcd elementor-widget elementor-widget-eael-adv-accordion\" data-id=\"5bbcdcd\" data-element_type=\"widget\" data-widget_type=\"eael-adv-accordion.default\">\n\t\t\t\t<div class=\"elementor-widget-container\">\n\t\t\t        <div class=\"eael-adv-accordion\" id=\"eael-adv-accordion-5bbcdcd\" data-scroll-on-click=\"no\" data-scroll-speed=\"300\" data-accordion-id=\"5bbcdcd\" data-accordion-type=\"accordion\" data-toogle-speed=\"300\">\n    <div class=\"eael-accordion-list\">\n                <div id=\"individuelle-beratung\" class=\"elementor-tab-title eael-accordion-header\" tabindex=\"0\" data-tab=\"1\" aria-controls=\"elementor-tab-content-9611\"><span class=\"eael-accordion-tab-title\">Individual advice<\/span><i aria-hidden=\"true\" class=\"fa-toggle icon icon-plus\"><\/i><\/div><div id=\"elementor-tab-content-9611\" class=\"eael-accordion-content clearfix\" data-tab=\"1\" aria-labelledby=\"individuelle-beratung\"><p>The choice of suitable roof windows depends on factors such as the size of the attic or the desired light incidence. Depending on your personal ideas, various models and combinations are possible. We will be happy to advise you in detail about your options.<\/p><\/div>\n                <\/div><div class=\"eael-accordion-list\">\n                <div id=\"sorgfltige-installation\" class=\"elementor-tab-title eael-accordion-header\" tabindex=\"0\" data-tab=\"2\" aria-controls=\"elementor-tab-content-9612\"><span class=\"eael-accordion-tab-title\">Careful installation<\/span><i aria-hidden=\"true\" class=\"fa-toggle icon icon-plus\"><\/i><\/div><div id=\"elementor-tab-content-9612\" class=\"eael-accordion-content clearfix\" data-tab=\"2\" aria-labelledby=\"sorgfltige-installation\"><p>Whether sliding windows, swinging windows or flat skylights - we have the necessary equipment and skill to accurately install your dream windows.<\/p><\/div>\n                <\/div><div class=\"eael-accordion-list\">\n                <div id=\"effiziente-erneuerung\" class=\"elementor-tab-title eael-accordion-header\" tabindex=\"0\" data-tab=\"3\" aria-controls=\"elementor-tab-content-9613\"><span class=\"eael-accordion-tab-title\">Efficient replacement<\/span><i aria-hidden=\"true\" class=\"fa-toggle icon icon-plus\"><\/i><\/div><div id=\"elementor-tab-content-9613\" class=\"eael-accordion-content clearfix\" data-tab=\"3\" aria-labelledby=\"effiziente-erneuerung\"><p>Outdated windows in the attic can lead to significant energy loss and, as a result, an increase in heating costs. In addition, old skylights often don't provide the level of living comfort that modern standards demand. The Building Energy Act specifies the requirements that must be met when replacing skylights.<\/p><\/div>\n                <\/div><\/div>\t\t<\/div>\n\t\t\t\t<\/div>\n\t\t\t\t\t<\/div>\n\t\t<\/div>\n\t\t\t\t\t<\/div>\n\t\t<\/section>\n\t\t\t\t<section class=\"elementor-section elementor-top-section elementor-element elementor-element-ed70f85 elementor-section-boxed elementor-section-height-default elementor-section-height-default\" data-id=\"ed70f85\" data-element_type=\"section\" data-settings=\"{&quot;background_background&quot;:&quot;classic&quot;,&quot;_ha_eqh_enable&quot;:false}\">\n\t\t\t\t\t\t\t<div class=\"elementor-background-overlay\"><\/div>\n\t\t\t\t\t\t\t<div class=\"elementor-container elementor-column-gap-default\">\n\t\t\t\t\t<div class=\"elementor-column elementor-col-100 elementor-top-column elementor-element elementor-element-27268a2\" data-id=\"27268a2\" data-element_type=\"column\">\n\t\t\t<div class=\"elementor-widget-wrap elementor-element-populated\">\n\t\t\t\t\t\t<div class=\"elementor-element elementor-element-f8864a6 elementor-widget__width-auto elementor-widget elementor-widget-heading\" data-id=\"f8864a6\" data-element_type=\"widget\" data-widget_type=\"heading.default\">\n\t\t\t\t<div class=\"elementor-widget-container\">\n\t\t\t<h2 class=\"elementor-heading-title elementor-size-default\">Contact<\/h2>\t\t<\/div>\n\t\t\t\t<\/div>\n\t\t\t\t<div class=\"elementor-element elementor-element-c6cc423 elementor-widget elementor-widget-heading\" data-id=\"c6cc423\" data-element_type=\"widget\" data-widget_type=\"heading.default\">\n\t\t\t\t<div class=\"elementor-widget-container\">\n\t\t\t<h2 class=\"elementor-heading-title elementor-size-default\">We look forward to hearing from you.<\/h2>\t\t<\/div>\n\t\t\t\t<\/div>\n\t\t\t\t<div class=\"elementor-element elementor-element-97563f5 elementor-widget elementor-widget-image\" data-id=\"97563f5\" data-element_type=\"widget\" data-widget_type=\"image.default\">\n\t\t\t\t<div class=\"elementor-widget-container\">\n\t\t\t\t\t\t\t\t\t\t\t\t\t<img decoding=\"async\" width=\"1\" height=\"90\" src=\"https:\/\/www.wiba-bauspenglerei.ch\/wp-content\/uploads\/2023\/04\/line-a.svg\" class=\"attachment-large size-large wp-image-29625\" alt=\"\" \/>\t\t\t\t\t\t\t\t\t\t\t\t\t<\/div>\n\t\t\t\t<\/div>\n\t\t\t\t<div class=\"elementor-element elementor-element-a75a35e elementor-widget__width-auto elementor-widget elementor-widget-button\" data-id=\"a75a35e\" data-element_type=\"widget\" data-widget_type=\"button.default\">\n\t\t\t\t<div class=\"elementor-widget-container\">\n\t\t\t\t\t<div class=\"elementor-button-wrapper\">\n\t\t\t<a class=\"elementor-button elementor-button-link elementor-size-sm\" href=\"https:\/\/www.wiba-bauspenglerei.ch\/en\/kontakt\/\">\n\t\t\t\t\t\t<span class=\"elementor-button-content-wrapper\">\n\t\t\t\t\t\t\t\t\t<span class=\"elementor-button-text\">Contact us<\/span>\n\t\t\t\t\t<\/span>\n\t\t\t\t\t<\/a>\n\t\t<\/div>\n\t\t\t\t<\/div>\n\t\t\t\t<\/div>\n\t\t\t\t\t<\/div>\n\t\t<\/div>\n\t\t\t\t\t<\/div>\n\t\t<\/section>\n\t\t\t\t<\/div>","protected":false},"excerpt":{"rendered":"<p>Dachfenster Ideales Wohnambiente Unser Angebot Sie w\u00fcnschen Sich helle Wohnr\u00e4ume unter dem Dach mit viel Tageslicht? Dachfenster sorgen f\u00fcr den n\u00f6tigen Lichteinfall und frische Luft und steigern so Ihren Wohnkomfort. Wenn Sie neue Fenster in Ihr Dach einbauen oder alte Fenster austauschen lassen m\u00f6chten, k\u00f6nnen Sie sich auf uns verlassen. Wir k\u00fcmmern uns um die [&hellip;]<\/p>","protected":false},"author":1,"featured_media":32504,"parent":0,"menu_order":7,"comment_status":"closed","ping_status":"closed","template":"elementor_header_footer","meta":{"footnotes":""},"yoast_head":"<!-- This site is optimized with the Yoast SEO plugin v23.0 - https:\/\/yoast.com\/wordpress\/plugins\/seo\/ -->\n<title>Dachfenster - WIBA Spenglerei &amp; Flachdach GmbH<\/title>\n<meta name=\"description\" content=\"WIBA ist Ihr kompetenter Ansprechpartner f\u00fcr s\u00e4mtliche Arbeiten am Dach. Hier bekommen Sie alles aus einer Hand \u2013 schnell und unkompliziert.\" \/>\n<meta name=\"robots\" content=\"index, follow, max-snippet:-1, max-image-preview:large, max-video-preview:-1\" \/>\n<link rel=\"canonical\" href=\"https:\/\/www.wiba-bauspenglerei.ch\/en\/dachfenster\/\" \/>\n<meta property=\"og:locale\" content=\"en_US\" \/>\n<meta property=\"og:type\" content=\"article\" \/>\n<meta property=\"og:title\" content=\"Dachfenster - WIBA Spenglerei &amp; Flachdach GmbH\" \/>\n<meta property=\"og:description\" content=\"WIBA ist Ihr kompetenter Ansprechpartner f\u00fcr s\u00e4mtliche Arbeiten am Dach. Hier bekommen Sie alles aus einer Hand \u2013 schnell und unkompliziert.\" \/>\n<meta property=\"og:url\" content=\"https:\/\/www.wiba-bauspenglerei.ch\/en\/dachfenster\/\" \/>\n<meta property=\"og:site_name\" content=\"WIBA Spenglerei &amp; Flachdach GmbH\" \/>\n<meta property=\"article:modified_time\" content=\"2023-12-14T12:02:44+00:00\" \/>\n<meta property=\"og:image\" content=\"https:\/\/www.wiba-bauspenglerei.ch\/wp-content\/uploads\/2023\/05\/wibaa.jpg\" \/>\n\t<meta property=\"og:image:width\" content=\"1024\" \/>\n\t<meta property=\"og:image:height\" content=\"1024\" \/>\n\t<meta property=\"og:image:type\" content=\"image\/jpeg\" \/>\n<meta name=\"twitter:card\" content=\"summary_large_image\" \/>\n<meta name=\"twitter:label1\" content=\"Est. reading time\" \/>\n\t<meta name=\"twitter:data1\" content=\"1 minute\" \/>\n<script type=\"application\/ld+json\" class=\"yoast-schema-graph\">{\"@context\":\"https:\/\/schema.org\",\"@graph\":[{\"@type\":\"WebPage\",\"@id\":\"https:\/\/www.wiba-bauspenglerei.ch\/dachfenster\/\",\"url\":\"https:\/\/www.wiba-bauspenglerei.ch\/dachfenster\/\",\"name\":\"Dachfenster - WIBA Spenglerei &amp; Flachdach GmbH\",\"isPartOf\":{\"@id\":\"https:\/\/www.wiba-bauspenglerei.ch\/#website\"},\"primaryImageOfPage\":{\"@id\":\"https:\/\/www.wiba-bauspenglerei.ch\/dachfenster\/#primaryimage\"},\"image\":{\"@id\":\"https:\/\/www.wiba-bauspenglerei.ch\/dachfenster\/#primaryimage\"},\"thumbnailUrl\":\"https:\/\/www.wiba-bauspenglerei.ch\/wp-content\/uploads\/2023\/05\/wibaa.jpg\",\"datePublished\":\"2023-04-24T07:46:23+00:00\",\"dateModified\":\"2023-12-14T12:02:44+00:00\",\"description\":\"WIBA ist Ihr kompetenter Ansprechpartner f\u00fcr s\u00e4mtliche Arbeiten am Dach. Hier bekommen Sie alles aus einer Hand \u2013 schnell und unkompliziert.\",\"breadcrumb\":{\"@id\":\"https:\/\/www.wiba-bauspenglerei.ch\/dachfenster\/#breadcrumb\"},\"inLanguage\":\"en-US\",\"potentialAction\":[{\"@type\":\"ReadAction\",\"target\":[\"https:\/\/www.wiba-bauspenglerei.ch\/dachfenster\/\"]}]},{\"@type\":\"ImageObject\",\"inLanguage\":\"en-US\",\"@id\":\"https:\/\/www.wiba-bauspenglerei.ch\/dachfenster\/#primaryimage\",\"url\":\"https:\/\/www.wiba-bauspenglerei.ch\/wp-content\/uploads\/2023\/05\/wibaa.jpg\",\"contentUrl\":\"https:\/\/www.wiba-bauspenglerei.ch\/wp-content\/uploads\/2023\/05\/wibaa.jpg\",\"width\":1024,\"height\":1024,\"caption\":\"WIBA Spenglerei & Flachdach GmbH\"},{\"@type\":\"BreadcrumbList\",\"@id\":\"https:\/\/www.wiba-bauspenglerei.ch\/dachfenster\/#breadcrumb\",\"itemListElement\":[{\"@type\":\"ListItem\",\"position\":1,\"name\":\"Home\",\"item\":\"https:\/\/www.wiba-bauspenglerei.ch\/\"},{\"@type\":\"ListItem\",\"position\":2,\"name\":\"Dachfenster\"}]},{\"@type\":\"WebSite\",\"@id\":\"https:\/\/www.wiba-bauspenglerei.ch\/#website\",\"url\":\"https:\/\/www.wiba-bauspenglerei.ch\/\",\"name\":\"WIBA Spenglerei &amp; Flachdach GmbH\",\"description\":\"\",\"publisher\":{\"@id\":\"https:\/\/www.wiba-bauspenglerei.ch\/#organization\"},\"inLanguage\":\"en-US\"},{\"@type\":\"Organization\",\"@id\":\"https:\/\/www.wiba-bauspenglerei.ch\/#organization\",\"name\":\"WIBA Spenglerei & Flachdach\",\"url\":\"https:\/\/www.wiba-bauspenglerei.ch\/\",\"logo\":{\"@type\":\"ImageObject\",\"inLanguage\":\"en-US\",\"@id\":\"https:\/\/www.wiba-bauspenglerei.ch\/#\/schema\/logo\/image\/\",\"url\":\"https:\/\/www.wiba-bauspenglerei.ch\/wp-content\/uploads\/2023\/04\/cropped-wiba-siteicon.jpg\",\"contentUrl\":\"https:\/\/www.wiba-bauspenglerei.ch\/wp-content\/uploads\/2023\/04\/cropped-wiba-siteicon.jpg\",\"width\":512,\"height\":512,\"caption\":\"WIBA Spenglerei & Flachdach\"},\"image\":{\"@id\":\"https:\/\/www.wiba-bauspenglerei.ch\/#\/schema\/logo\/image\/\"}}]}<\/script>\n<!-- \/ Yoast SEO plugin. -->","yoast_head_json":{"title":"Dachfenster - WIBA Spenglerei &amp; Flachdach GmbH","description":"WIBA ist Ihr kompetenter Ansprechpartner f\u00fcr s\u00e4mtliche Arbeiten am Dach. Hier bekommen Sie alles aus einer Hand \u2013 schnell und unkompliziert.","robots":{"index":"index","follow":"follow","max-snippet":"max-snippet:-1","max-image-preview":"max-image-preview:large","max-video-preview":"max-video-preview:-1"},"canonical":"https:\/\/www.wiba-bauspenglerei.ch\/en\/dachfenster\/","og_locale":"en_US","og_type":"article","og_title":"Dachfenster - WIBA Spenglerei &amp; Flachdach GmbH","og_description":"WIBA ist Ihr kompetenter Ansprechpartner f\u00fcr s\u00e4mtliche Arbeiten am Dach. Hier bekommen Sie alles aus einer Hand \u2013 schnell und unkompliziert.","og_url":"https:\/\/www.wiba-bauspenglerei.ch\/en\/dachfenster\/","og_site_name":"WIBA Spenglerei &amp; Flachdach GmbH","article_modified_time":"2023-12-14T12:02:44+00:00","og_image":[{"width":1024,"height":1024,"url":"https:\/\/www.wiba-bauspenglerei.ch\/wp-content\/uploads\/2023\/05\/wibaa.jpg","type":"image\/jpeg"}],"twitter_card":"summary_large_image","twitter_misc":{"Est. reading time":"1 minute"},"schema":{"@context":"https:\/\/schema.org","@graph":[{"@type":"WebPage","@id":"https:\/\/www.wiba-bauspenglerei.ch\/dachfenster\/","url":"https:\/\/www.wiba-bauspenglerei.ch\/dachfenster\/","name":"Dachfenster - WIBA Spenglerei &amp; Flachdach GmbH","isPartOf":{"@id":"https:\/\/www.wiba-bauspenglerei.ch\/#website"},"primaryImageOfPage":{"@id":"https:\/\/www.wiba-bauspenglerei.ch\/dachfenster\/#primaryimage"},"image":{"@id":"https:\/\/www.wiba-bauspenglerei.ch\/dachfenster\/#primaryimage"},"thumbnailUrl":"https:\/\/www.wiba-bauspenglerei.ch\/wp-content\/uploads\/2023\/05\/wibaa.jpg","datePublished":"2023-04-24T07:46:23+00:00","dateModified":"2023-12-14T12:02:44+00:00","description":"WIBA ist Ihr kompetenter Ansprechpartner f\u00fcr s\u00e4mtliche Arbeiten am Dach. Hier bekommen Sie alles aus einer Hand \u2013 schnell und unkompliziert.","breadcrumb":{"@id":"https:\/\/www.wiba-bauspenglerei.ch\/dachfenster\/#breadcrumb"},"inLanguage":"en-US","potentialAction":[{"@type":"ReadAction","target":["https:\/\/www.wiba-bauspenglerei.ch\/dachfenster\/"]}]},{"@type":"ImageObject","inLanguage":"en-US","@id":"https:\/\/www.wiba-bauspenglerei.ch\/dachfenster\/#primaryimage","url":"https:\/\/www.wiba-bauspenglerei.ch\/wp-content\/uploads\/2023\/05\/wibaa.jpg","contentUrl":"https:\/\/www.wiba-bauspenglerei.ch\/wp-content\/uploads\/2023\/05\/wibaa.jpg","width":1024,"height":1024,"caption":"WIBA Spenglerei & Flachdach GmbH"},{"@type":"BreadcrumbList","@id":"https:\/\/www.wiba-bauspenglerei.ch\/dachfenster\/#breadcrumb","itemListElement":[{"@type":"ListItem","position":1,"name":"Home","item":"https:\/\/www.wiba-bauspenglerei.ch\/"},{"@type":"ListItem","position":2,"name":"Dachfenster"}]},{"@type":"WebSite","@id":"https:\/\/www.wiba-bauspenglerei.ch\/#website","url":"https:\/\/www.wiba-bauspenglerei.ch\/","name":"WIBA Spenglerei &amp; Flachdach GmbH","description":"","publisher":{"@id":"https:\/\/www.wiba-bauspenglerei.ch\/#organization"},"inLanguage":"en-US"},{"@type":"Organization","@id":"https:\/\/www.wiba-bauspenglerei.ch\/#organization","name":"WIBA Spenglerei & Flachdach","url":"https:\/\/www.wiba-bauspenglerei.ch\/","logo":{"@type":"ImageObject","inLanguage":"en-US","@id":"https:\/\/www.wiba-bauspenglerei.ch\/#\/schema\/logo\/image\/","url":"https:\/\/www.wiba-bauspenglerei.ch\/wp-content\/uploads\/2023\/04\/cropped-wiba-siteicon.jpg","contentUrl":"https:\/\/www.wiba-bauspenglerei.ch\/wp-content\/uploads\/2023\/04\/cropped-wiba-siteicon.jpg","width":512,"height":512,"caption":"WIBA Spenglerei & Flachdach"},"image":{"@id":"https:\/\/www.wiba-bauspenglerei.ch\/#\/schema\/logo\/image\/"}}]}},"_links":{"self":[{"href":"https:\/\/www.wiba-bauspenglerei.ch\/en\/wp-json\/wp\/v2\/pages\/28968"}],"collection":[{"href":"https:\/\/www.wiba-bauspenglerei.ch\/en\/wp-json\/wp\/v2\/pages"}],"about":[{"href":"https:\/\/www.wiba-bauspenglerei.ch\/en\/wp-json\/wp\/v2\/types\/page"}],"author":[{"embeddable":true,"href":"https:\/\/www.wiba-bauspenglerei.ch\/en\/wp-json\/wp\/v2\/users\/1"}],"replies":[{"embeddable":true,"href":"https:\/\/www.wiba-bauspenglerei.ch\/en\/wp-json\/wp\/v2\/comments?post=28968"}],"version-history":[{"count":75,"href":"https:\/\/www.wiba-bauspenglerei.ch\/en\/wp-json\/wp\/v2\/pages\/28968\/revisions"}],"predecessor-version":[{"id":33237,"href":"https:\/\/www.wiba-bauspenglerei.ch\/en\/wp-json\/wp\/v2\/pages\/28968\/revisions\/33237"}],"wp:featuredmedia":[{"embeddable":true,"href":"https:\/\/www.wiba-bauspenglerei.ch\/en\/wp-json\/wp\/v2\/media\/32504"}],"wp:attachment":[{"href":"https:\/\/www.wiba-bauspenglerei.ch\/en\/wp-json\/wp\/v2\/media?parent=28968"}],"curies":[{"name":"wp","href":"https:\/\/api.w.org\/{rel}","templated":true}]}}