{"id":31245,"date":"2023-05-08T13:27:29","date_gmt":"2023-05-08T11:27:29","guid":{"rendered":"https:\/\/bw103.brentex-webprojekt.ch\/?page_id=31245"},"modified":"2023-12-14T13:06:57","modified_gmt":"2023-12-14T12:06:57","slug":"spenglerei","status":"publish","type":"page","link":"https:\/\/www.wiba-bauspenglerei.ch\/en\/spenglerei\/","title":{"rendered":"Sheet metal works"},"content":{"rendered":"<div data-elementor-type=\"wp-page\" data-elementor-id=\"31245\" class=\"elementor elementor-31245\" data-elementor-post-type=\"page\">\n\t\t\t\t\t\t<section class=\"elementor-section elementor-top-section elementor-element elementor-element-799ca3b elementor-section-height-min-height elementor-section-boxed elementor-section-height-default elementor-section-items-middle\" data-id=\"799ca3b\" data-element_type=\"section\" data-settings=\"{&quot;_ha_eqh_enable&quot;:false}\">\n\t\t\t\t\t\t<div class=\"elementor-container elementor-column-gap-default\">\n\t\t\t\t\t<div class=\"elementor-column elementor-col-100 elementor-top-column elementor-element elementor-element-675f10f\" data-id=\"675f10f\" data-element_type=\"column\">\n\t\t\t<div class=\"elementor-widget-wrap elementor-element-populated\">\n\t\t\t\t\t\t<div class=\"elementor-element elementor-element-6d029ce elementor-widget__width-auto elementor-widget elementor-widget-heading\" data-id=\"6d029ce\" data-element_type=\"widget\" data-widget_type=\"heading.default\">\n\t\t\t\t<div class=\"elementor-widget-container\">\n\t\t\t<h2 class=\"elementor-heading-title elementor-size-default\">Sheet metal works<\/h2>\t\t<\/div>\n\t\t\t\t<\/div>\n\t\t\t\t<div class=\"elementor-element elementor-element-dd58b5a elementor-widget elementor-widget-heading\" data-id=\"dd58b5a\" data-element_type=\"widget\" data-widget_type=\"heading.default\">\n\t\t\t\t<div class=\"elementor-widget-container\">\n\t\t\t<h2 class=\"elementor-heading-title elementor-size-default\">Customized solutions<\/h2>\t\t<\/div>\n\t\t\t\t<\/div>\n\t\t\t\t\t<\/div>\n\t\t<\/div>\n\t\t\t\t\t<\/div>\n\t\t<\/section>\n\t\t\t\t<section class=\"elementor-section elementor-top-section elementor-element elementor-element-a7f976d elementor-section-boxed elementor-section-height-default elementor-section-height-default\" data-id=\"a7f976d\" data-element_type=\"section\" data-settings=\"{&quot;background_background&quot;:&quot;classic&quot;,&quot;_ha_eqh_enable&quot;:false}\">\n\t\t\t\t\t\t<div class=\"elementor-container elementor-column-gap-default\">\n\t\t\t\t\t<div class=\"elementor-column elementor-col-100 elementor-top-column elementor-element elementor-element-afb69c3\" data-id=\"afb69c3\" data-element_type=\"column\" data-settings=\"{&quot;background_background&quot;:&quot;classic&quot;}\">\n\t\t\t<div class=\"elementor-widget-wrap elementor-element-populated\">\n\t\t\t\t\t\t<div class=\"elementor-element elementor-element-f31053f elementor-widget elementor-widget-spacer\" data-id=\"f31053f\" data-element_type=\"widget\" data-widget_type=\"spacer.default\">\n\t\t\t\t<div class=\"elementor-widget-container\">\n\t\t\t\t\t<div class=\"elementor-spacer\">\n\t\t\t<div class=\"elementor-spacer-inner\"><\/div>\n\t\t<\/div>\n\t\t\t\t<\/div>\n\t\t\t\t<\/div>\n\t\t\t\t\t<\/div>\n\t\t<\/div>\n\t\t\t\t\t<\/div>\n\t\t<\/section>\n\t\t\t\t<section class=\"elementor-section elementor-top-section elementor-element elementor-element-e56c844 elementor-section-boxed elementor-section-height-default elementor-section-height-default\" data-id=\"e56c844\" data-element_type=\"section\" data-settings=\"{&quot;background_background&quot;:&quot;classic&quot;,&quot;_ha_eqh_enable&quot;:false}\">\n\t\t\t\t\t\t<div class=\"elementor-container elementor-column-gap-default\">\n\t\t\t\t\t<div class=\"elementor-column elementor-col-50 elementor-top-column elementor-element elementor-element-038b89a\" data-id=\"038b89a\" data-element_type=\"column\">\n\t\t\t<div class=\"elementor-widget-wrap elementor-element-populated\">\n\t\t\t\t\t\t<div class=\"elementor-element elementor-element-d24dfa6 elementor-widget__width-auto elementor-widget elementor-widget-heading\" data-id=\"d24dfa6\" data-element_type=\"widget\" data-widget_type=\"heading.default\">\n\t\t\t\t<div class=\"elementor-widget-container\">\n\t\t\t<h2 class=\"elementor-heading-title elementor-size-default\">Our offer<\/h2>\t\t<\/div>\n\t\t\t\t<\/div>\n\t\t\t\t\t<\/div>\n\t\t<\/div>\n\t\t\t\t<div class=\"elementor-column elementor-col-50 elementor-top-column elementor-element elementor-element-384321d\" data-id=\"384321d\" data-element_type=\"column\">\n\t\t\t<div class=\"elementor-widget-wrap elementor-element-populated\">\n\t\t\t\t\t\t<div class=\"elementor-element elementor-element-d217d87 elementor-widget elementor-widget-heading\" data-id=\"d217d87\" data-element_type=\"widget\" data-widget_type=\"heading.default\">\n\t\t\t\t<div class=\"elementor-widget-container\">\n\t\t\t<h2 class=\"elementor-heading-title elementor-size-default\">Our company is your reliable partner for\nhigh quality sheet metal work. We create\nindividually designed pieces for you as\nwell as sheet<br>metal cladding.<\/h2>\t\t<\/div>\n\t\t\t\t<\/div>\n\t\t\t\t<div class=\"elementor-element elementor-element-8f7e94c elementor-widget elementor-widget-text-editor\" data-id=\"8f7e94c\" data-element_type=\"widget\" data-widget_type=\"text-editor.default\">\n\t\t\t\t<div class=\"elementor-widget-container\">\n\t\t\t\t\t\t\t<p>With professional sheet metal work, you add character to your building. Sheet metal cladding provides visual highlights and also offers first-class protection and other advantages.<\/p><p>Sheet metal work impresses with:<br \/><strong>\u2022<\/strong> A timeless and modern look<br \/><strong>\u2022<\/strong> A wide range of design options<br \/><strong>\u2022<\/strong> Enormous robustness and durability <br \/><strong>\u2022<\/strong> Rather low maintenance requirements<\/p><p>Our range of services includes the production of roof drainage systems, metal roofing and the cladding of chimneys, dormers and walls.<\/p>\t\t\t\t\t\t<\/div>\n\t\t\t\t<\/div>\n\t\t\t\t\t<\/div>\n\t\t<\/div>\n\t\t\t\t\t<\/div>\n\t\t<\/section>\n\t\t\t\t<section class=\"elementor-section elementor-top-section elementor-element elementor-element-c062bf6 elementor-section-full_width elementor-section-height-default elementor-section-height-default\" data-id=\"c062bf6\" data-element_type=\"section\" data-settings=\"{&quot;background_background&quot;:&quot;gradient&quot;,&quot;_ha_eqh_enable&quot;:false}\">\n\t\t\t\t\t\t<div class=\"elementor-container elementor-column-gap-default\">\n\t\t\t\t\t<div class=\"elementor-column elementor-col-33 elementor-top-column elementor-element elementor-element-19429a4\" data-id=\"19429a4\" data-element_type=\"column\" data-settings=\"{&quot;background_background&quot;:&quot;classic&quot;}\">\n\t\t\t<div class=\"elementor-widget-wrap elementor-element-populated\">\n\t\t\t\t\t\t<div class=\"elementor-element elementor-element-61855d7 elementor-widget elementor-widget-spacer\" data-id=\"61855d7\" data-element_type=\"widget\" data-widget_type=\"spacer.default\">\n\t\t\t\t<div class=\"elementor-widget-container\">\n\t\t\t\t\t<div class=\"elementor-spacer\">\n\t\t\t<div class=\"elementor-spacer-inner\"><\/div>\n\t\t<\/div>\n\t\t\t\t<\/div>\n\t\t\t\t<\/div>\n\t\t\t\t\t<\/div>\n\t\t<\/div>\n\t\t\t\t<div class=\"elementor-column elementor-col-33 elementor-top-column elementor-element elementor-element-4f1f7a6\" data-id=\"4f1f7a6\" data-element_type=\"column\" data-settings=\"{&quot;background_background&quot;:&quot;classic&quot;}\">\n\t\t\t<div class=\"elementor-widget-wrap elementor-element-populated\">\n\t\t\t\t\t\t<div class=\"elementor-element elementor-element-5ede5ae elementor-widget elementor-widget-spacer\" data-id=\"5ede5ae\" data-element_type=\"widget\" data-widget_type=\"spacer.default\">\n\t\t\t\t<div class=\"elementor-widget-container\">\n\t\t\t\t\t<div class=\"elementor-spacer\">\n\t\t\t<div class=\"elementor-spacer-inner\"><\/div>\n\t\t<\/div>\n\t\t\t\t<\/div>\n\t\t\t\t<\/div>\n\t\t\t\t\t<\/div>\n\t\t<\/div>\n\t\t\t\t<div class=\"elementor-column elementor-col-33 elementor-top-column elementor-element elementor-element-474996a\" data-id=\"474996a\" data-element_type=\"column\" data-settings=\"{&quot;background_background&quot;:&quot;classic&quot;}\">\n\t\t\t<div class=\"elementor-widget-wrap elementor-element-populated\">\n\t\t\t\t\t\t<div class=\"elementor-element elementor-element-f73043d elementor-widget elementor-widget-spacer\" data-id=\"f73043d\" data-element_type=\"widget\" data-widget_type=\"spacer.default\">\n\t\t\t\t<div class=\"elementor-widget-container\">\n\t\t\t\t\t<div class=\"elementor-spacer\">\n\t\t\t<div class=\"elementor-spacer-inner\"><\/div>\n\t\t<\/div>\n\t\t\t\t<\/div>\n\t\t\t\t<\/div>\n\t\t\t\t\t<\/div>\n\t\t<\/div>\n\t\t\t\t\t<\/div>\n\t\t<\/section>\n\t\t\t\t<section class=\"elementor-section elementor-top-section elementor-element elementor-element-899aca5 elementor-section-boxed elementor-section-height-default elementor-section-height-default\" data-id=\"899aca5\" data-element_type=\"section\" data-settings=\"{&quot;background_background&quot;:&quot;classic&quot;,&quot;_ha_eqh_enable&quot;:false}\">\n\t\t\t\t\t\t<div class=\"elementor-container elementor-column-gap-default\">\n\t\t\t\t\t<div class=\"elementor-column elementor-col-50 elementor-top-column elementor-element elementor-element-da2201e\" data-id=\"da2201e\" data-element_type=\"column\">\n\t\t\t<div class=\"elementor-widget-wrap elementor-element-populated\">\n\t\t\t\t\t\t<div class=\"elementor-element elementor-element-85d827a elementor-widget__width-auto elementor-widget elementor-widget-heading\" data-id=\"85d827a\" data-element_type=\"widget\" data-widget_type=\"heading.default\">\n\t\t\t\t<div class=\"elementor-widget-container\">\n\t\t\t<h2 class=\"elementor-heading-title elementor-size-default\">Our service<\/h2>\t\t<\/div>\n\t\t\t\t<\/div>\n\t\t\t\t\t<\/div>\n\t\t<\/div>\n\t\t\t\t<div class=\"elementor-column elementor-col-50 elementor-top-column elementor-element elementor-element-148eba9\" data-id=\"148eba9\" data-element_type=\"column\">\n\t\t\t<div class=\"elementor-widget-wrap elementor-element-populated\">\n\t\t\t\t\t\t<div class=\"elementor-element elementor-element-0311112 elementor-widget elementor-widget-eael-adv-accordion\" data-id=\"0311112\" data-element_type=\"widget\" data-widget_type=\"eael-adv-accordion.default\">\n\t\t\t\t<div class=\"elementor-widget-container\">\n\t\t\t        <div class=\"eael-adv-accordion\" id=\"eael-adv-accordion-0311112\" data-scroll-on-click=\"no\" data-scroll-speed=\"300\" data-accordion-id=\"0311112\" data-accordion-type=\"accordion\" data-toogle-speed=\"300\">\n    <div class=\"eael-accordion-list\">\n                <div id=\"umfangreiche-leistungen\" class=\"elementor-tab-title eael-accordion-header\" tabindex=\"0\" data-tab=\"1\" aria-controls=\"elementor-tab-content-3211\"><span class=\"eael-accordion-tab-title\">Carefree package<\/span><i aria-hidden=\"true\" class=\"fa-toggle icon icon-plus\"><\/i><\/div><div id=\"elementor-tab-content-3211\" class=\"eael-accordion-content clearfix\" data-tab=\"1\" aria-labelledby=\"umfangreiche-leistungen\"><p>We offer many services in the field of sheet metal work. We produce individual pieces according to your wishes, we take care of regular maintenance and we also provide repair in case of damage.<\/p><\/div>\n                <\/div><div class=\"eael-accordion-list\">\n                <div id=\"individuelle-lsungen\" class=\"elementor-tab-title eael-accordion-header\" tabindex=\"0\" data-tab=\"2\" aria-controls=\"elementor-tab-content-3212\"><span class=\"eael-accordion-tab-title\">Individual solutions<\/span><i aria-hidden=\"true\" class=\"fa-toggle icon icon-plus\"><\/i><\/div><div id=\"elementor-tab-content-3212\" class=\"eael-accordion-content clearfix\" data-tab=\"2\" aria-labelledby=\"individuelle-lsungen\"><p>Whether you only need new gutters or would like a complete roof made of sheet metal - we offer individual solutions that are perfectly tailored to your requirements. Our goal is to provide you with high-quality customized products that not only meet, but exceed your expectations.<\/p><\/div>\n                <\/div><div class=\"eael-accordion-list\">\n                <div id=\"qualitative-materialien\" class=\"elementor-tab-title eael-accordion-header\" tabindex=\"0\" data-tab=\"3\" aria-controls=\"elementor-tab-content-3213\"><span class=\"eael-accordion-tab-title\">Quality materials<\/span><i aria-hidden=\"true\" class=\"fa-toggle icon icon-plus\"><\/i><\/div><div id=\"elementor-tab-content-3213\" class=\"eael-accordion-content clearfix\" data-tab=\"3\" aria-labelledby=\"qualitative-materialien\"><p>When selecting our materials, we consistently focus on quality and durability. That is why we work with robust raw materials such as copper, coated aluminum or galvanized steel. Our materials impress with their resistance and rarely require maintenance or repair work.<\/p><\/div>\n                <\/div><\/div>\t\t<\/div>\n\t\t\t\t<\/div>\n\t\t\t\t\t<\/div>\n\t\t<\/div>\n\t\t\t\t\t<\/div>\n\t\t<\/section>\n\t\t\t\t<section class=\"elementor-section elementor-top-section elementor-element elementor-element-b46adbf elementor-section-boxed elementor-section-height-default elementor-section-height-default\" data-id=\"b46adbf\" data-element_type=\"section\" data-settings=\"{&quot;background_background&quot;:&quot;classic&quot;,&quot;_ha_eqh_enable&quot;:false}\">\n\t\t\t\t\t\t\t<div class=\"elementor-background-overlay\"><\/div>\n\t\t\t\t\t\t\t<div class=\"elementor-container elementor-column-gap-default\">\n\t\t\t\t\t<div class=\"elementor-column elementor-col-100 elementor-top-column elementor-element elementor-element-37042b9\" data-id=\"37042b9\" data-element_type=\"column\">\n\t\t\t<div class=\"elementor-widget-wrap elementor-element-populated\">\n\t\t\t\t\t\t<div class=\"elementor-element elementor-element-1a49e13 elementor-widget__width-auto elementor-widget elementor-widget-heading\" data-id=\"1a49e13\" data-element_type=\"widget\" data-widget_type=\"heading.default\">\n\t\t\t\t<div class=\"elementor-widget-container\">\n\t\t\t<h2 class=\"elementor-heading-title elementor-size-default\">Contact<\/h2>\t\t<\/div>\n\t\t\t\t<\/div>\n\t\t\t\t<div class=\"elementor-element elementor-element-b636d53 elementor-widget elementor-widget-heading\" data-id=\"b636d53\" data-element_type=\"widget\" data-widget_type=\"heading.default\">\n\t\t\t\t<div class=\"elementor-widget-container\">\n\t\t\t<h2 class=\"elementor-heading-title elementor-size-default\">We look forward to hearing from you.<\/h2>\t\t<\/div>\n\t\t\t\t<\/div>\n\t\t\t\t<div class=\"elementor-element elementor-element-ca96e4c elementor-widget elementor-widget-image\" data-id=\"ca96e4c\" data-element_type=\"widget\" data-widget_type=\"image.default\">\n\t\t\t\t<div class=\"elementor-widget-container\">\n\t\t\t\t\t\t\t\t\t\t\t\t\t<img decoding=\"async\" width=\"1\" height=\"90\" src=\"https:\/\/www.wiba-bauspenglerei.ch\/wp-content\/uploads\/2023\/04\/line-a.svg\" class=\"attachment-large size-large wp-image-29625\" alt=\"\" \/>\t\t\t\t\t\t\t\t\t\t\t\t\t<\/div>\n\t\t\t\t<\/div>\n\t\t\t\t<div class=\"elementor-element elementor-element-3fc3fa8 elementor-widget__width-auto elementor-widget elementor-widget-button\" data-id=\"3fc3fa8\" data-element_type=\"widget\" data-widget_type=\"button.default\">\n\t\t\t\t<div class=\"elementor-widget-container\">\n\t\t\t\t\t<div class=\"elementor-button-wrapper\">\n\t\t\t<a class=\"elementor-button elementor-button-link elementor-size-sm\" href=\"https:\/\/www.wiba-bauspenglerei.ch\/en\/kontakt\/\">\n\t\t\t\t\t\t<span class=\"elementor-button-content-wrapper\">\n\t\t\t\t\t\t\t\t\t<span class=\"elementor-button-text\">Contact us<\/span>\n\t\t\t\t\t<\/span>\n\t\t\t\t\t<\/a>\n\t\t<\/div>\n\t\t\t\t<\/div>\n\t\t\t\t<\/div>\n\t\t\t\t\t<\/div>\n\t\t<\/div>\n\t\t\t\t\t<\/div>\n\t\t<\/section>\n\t\t\t\t<\/div>","protected":false},"excerpt":{"rendered":"<p>Spenglerei Diverse Blecharbeiten Unser Angebot Unser Betrieb ist Ihr zuverl\u00e4ssiger Partner f\u00fcr hochwertige Spenglerarbeiten. Wir fer- tigen f\u00fcr Sie individuelle Einzelteile sowie Verkleidungen aus Blech an. Mit professionellen Spenglerarbeiten verleihen Sie Ihrem Geb\u00e4ude Charakter. Verkleidungen aus Blech sorgen f\u00fcr optische Highlights und bieten dar\u00fcber hinaus erstklassigen Schutz und weitere Vorteile. Blecharbeiten beeindrucken durch: \u2022 Eine [&hellip;]<\/p>","protected":false},"author":1,"featured_media":32504,"parent":0,"menu_order":8,"comment_status":"closed","ping_status":"closed","template":"elementor_header_footer","meta":{"footnotes":""},"yoast_head":"<!-- This site is optimized with the Yoast SEO plugin v23.0 - https:\/\/yoast.com\/wordpress\/plugins\/seo\/ -->\n<title>Spenglerei - WIBA Spenglerei &amp; Flachdach GmbH<\/title>\n<meta name=\"description\" content=\"Professionelle Spenglerarbeiten verleihen Ihrem Geb\u00e4ude Charakter. Ihre Wiba-Experten fertigen individuelle Blechteile und Verkleidungen an.\" \/>\n<meta name=\"robots\" content=\"index, follow, max-snippet:-1, max-image-preview:large, max-video-preview:-1\" \/>\n<link rel=\"canonical\" href=\"https:\/\/www.wiba-bauspenglerei.ch\/en\/spenglerei\/\" \/>\n<meta property=\"og:locale\" content=\"en_US\" \/>\n<meta property=\"og:type\" content=\"article\" \/>\n<meta property=\"og:title\" content=\"Spenglerei - WIBA Spenglerei &amp; Flachdach GmbH\" \/>\n<meta property=\"og:description\" content=\"Professionelle Spenglerarbeiten verleihen Ihrem Geb\u00e4ude Charakter. Ihre Wiba-Experten fertigen individuelle Blechteile und Verkleidungen an.\" \/>\n<meta property=\"og:url\" content=\"https:\/\/www.wiba-bauspenglerei.ch\/en\/spenglerei\/\" \/>\n<meta property=\"og:site_name\" content=\"WIBA Spenglerei &amp; Flachdach GmbH\" \/>\n<meta property=\"article:modified_time\" content=\"2023-12-14T12:06:57+00:00\" \/>\n<meta property=\"og:image\" content=\"https:\/\/www.wiba-bauspenglerei.ch\/wp-content\/uploads\/2023\/05\/wibaa.jpg\" \/>\n\t<meta property=\"og:image:width\" content=\"1024\" \/>\n\t<meta property=\"og:image:height\" content=\"1024\" \/>\n\t<meta property=\"og:image:type\" content=\"image\/jpeg\" \/>\n<meta name=\"twitter:card\" content=\"summary_large_image\" \/>\n<meta name=\"twitter:label1\" content=\"Est. reading time\" \/>\n\t<meta name=\"twitter:data1\" content=\"1 minute\" \/>\n<script type=\"application\/ld+json\" class=\"yoast-schema-graph\">{\"@context\":\"https:\/\/schema.org\",\"@graph\":[{\"@type\":\"WebPage\",\"@id\":\"https:\/\/www.wiba-bauspenglerei.ch\/spenglerei\/\",\"url\":\"https:\/\/www.wiba-bauspenglerei.ch\/spenglerei\/\",\"name\":\"Spenglerei - WIBA Spenglerei &amp; Flachdach GmbH\",\"isPartOf\":{\"@id\":\"https:\/\/www.wiba-bauspenglerei.ch\/#website\"},\"primaryImageOfPage\":{\"@id\":\"https:\/\/www.wiba-bauspenglerei.ch\/spenglerei\/#primaryimage\"},\"image\":{\"@id\":\"https:\/\/www.wiba-bauspenglerei.ch\/spenglerei\/#primaryimage\"},\"thumbnailUrl\":\"https:\/\/www.wiba-bauspenglerei.ch\/wp-content\/uploads\/2023\/05\/wibaa.jpg\",\"datePublished\":\"2023-05-08T11:27:29+00:00\",\"dateModified\":\"2023-12-14T12:06:57+00:00\",\"description\":\"Professionelle Spenglerarbeiten verleihen Ihrem Geb\u00e4ude Charakter. Ihre Wiba-Experten fertigen individuelle Blechteile und Verkleidungen an.\",\"breadcrumb\":{\"@id\":\"https:\/\/www.wiba-bauspenglerei.ch\/spenglerei\/#breadcrumb\"},\"inLanguage\":\"en-US\",\"potentialAction\":[{\"@type\":\"ReadAction\",\"target\":[\"https:\/\/www.wiba-bauspenglerei.ch\/spenglerei\/\"]}]},{\"@type\":\"ImageObject\",\"inLanguage\":\"en-US\",\"@id\":\"https:\/\/www.wiba-bauspenglerei.ch\/spenglerei\/#primaryimage\",\"url\":\"https:\/\/www.wiba-bauspenglerei.ch\/wp-content\/uploads\/2023\/05\/wibaa.jpg\",\"contentUrl\":\"https:\/\/www.wiba-bauspenglerei.ch\/wp-content\/uploads\/2023\/05\/wibaa.jpg\",\"width\":1024,\"height\":1024,\"caption\":\"WIBA Spenglerei & Flachdach GmbH\"},{\"@type\":\"BreadcrumbList\",\"@id\":\"https:\/\/www.wiba-bauspenglerei.ch\/spenglerei\/#breadcrumb\",\"itemListElement\":[{\"@type\":\"ListItem\",\"position\":1,\"name\":\"Home\",\"item\":\"https:\/\/www.wiba-bauspenglerei.ch\/\"},{\"@type\":\"ListItem\",\"position\":2,\"name\":\"Spenglerei\"}]},{\"@type\":\"WebSite\",\"@id\":\"https:\/\/www.wiba-bauspenglerei.ch\/#website\",\"url\":\"https:\/\/www.wiba-bauspenglerei.ch\/\",\"name\":\"WIBA Spenglerei &amp; Flachdach GmbH\",\"description\":\"\",\"publisher\":{\"@id\":\"https:\/\/www.wiba-bauspenglerei.ch\/#organization\"},\"inLanguage\":\"en-US\"},{\"@type\":\"Organization\",\"@id\":\"https:\/\/www.wiba-bauspenglerei.ch\/#organization\",\"name\":\"WIBA Spenglerei & Flachdach\",\"url\":\"https:\/\/www.wiba-bauspenglerei.ch\/\",\"logo\":{\"@type\":\"ImageObject\",\"inLanguage\":\"en-US\",\"@id\":\"https:\/\/www.wiba-bauspenglerei.ch\/#\/schema\/logo\/image\/\",\"url\":\"https:\/\/www.wiba-bauspenglerei.ch\/wp-content\/uploads\/2023\/04\/cropped-wiba-siteicon.jpg\",\"contentUrl\":\"https:\/\/www.wiba-bauspenglerei.ch\/wp-content\/uploads\/2023\/04\/cropped-wiba-siteicon.jpg\",\"width\":512,\"height\":512,\"caption\":\"WIBA Spenglerei & Flachdach\"},\"image\":{\"@id\":\"https:\/\/www.wiba-bauspenglerei.ch\/#\/schema\/logo\/image\/\"}}]}<\/script>\n<!-- \/ Yoast SEO plugin. -->","yoast_head_json":{"title":"Spenglerei - WIBA Spenglerei &amp; Flachdach GmbH","description":"Professionelle Spenglerarbeiten verleihen Ihrem Geb\u00e4ude Charakter. Ihre Wiba-Experten fertigen individuelle Blechteile und Verkleidungen an.","robots":{"index":"index","follow":"follow","max-snippet":"max-snippet:-1","max-image-preview":"max-image-preview:large","max-video-preview":"max-video-preview:-1"},"canonical":"https:\/\/www.wiba-bauspenglerei.ch\/en\/spenglerei\/","og_locale":"en_US","og_type":"article","og_title":"Spenglerei - WIBA Spenglerei &amp; Flachdach GmbH","og_description":"Professionelle Spenglerarbeiten verleihen Ihrem Geb\u00e4ude Charakter. Ihre Wiba-Experten fertigen individuelle Blechteile und Verkleidungen an.","og_url":"https:\/\/www.wiba-bauspenglerei.ch\/en\/spenglerei\/","og_site_name":"WIBA Spenglerei &amp; Flachdach GmbH","article_modified_time":"2023-12-14T12:06:57+00:00","og_image":[{"width":1024,"height":1024,"url":"https:\/\/www.wiba-bauspenglerei.ch\/wp-content\/uploads\/2023\/05\/wibaa.jpg","type":"image\/jpeg"}],"twitter_card":"summary_large_image","twitter_misc":{"Est. reading time":"1 minute"},"schema":{"@context":"https:\/\/schema.org","@graph":[{"@type":"WebPage","@id":"https:\/\/www.wiba-bauspenglerei.ch\/spenglerei\/","url":"https:\/\/www.wiba-bauspenglerei.ch\/spenglerei\/","name":"Spenglerei - WIBA Spenglerei &amp; Flachdach GmbH","isPartOf":{"@id":"https:\/\/www.wiba-bauspenglerei.ch\/#website"},"primaryImageOfPage":{"@id":"https:\/\/www.wiba-bauspenglerei.ch\/spenglerei\/#primaryimage"},"image":{"@id":"https:\/\/www.wiba-bauspenglerei.ch\/spenglerei\/#primaryimage"},"thumbnailUrl":"https:\/\/www.wiba-bauspenglerei.ch\/wp-content\/uploads\/2023\/05\/wibaa.jpg","datePublished":"2023-05-08T11:27:29+00:00","dateModified":"2023-12-14T12:06:57+00:00","description":"Professionelle Spenglerarbeiten verleihen Ihrem Geb\u00e4ude Charakter. Ihre Wiba-Experten fertigen individuelle Blechteile und Verkleidungen an.","breadcrumb":{"@id":"https:\/\/www.wiba-bauspenglerei.ch\/spenglerei\/#breadcrumb"},"inLanguage":"en-US","potentialAction":[{"@type":"ReadAction","target":["https:\/\/www.wiba-bauspenglerei.ch\/spenglerei\/"]}]},{"@type":"ImageObject","inLanguage":"en-US","@id":"https:\/\/www.wiba-bauspenglerei.ch\/spenglerei\/#primaryimage","url":"https:\/\/www.wiba-bauspenglerei.ch\/wp-content\/uploads\/2023\/05\/wibaa.jpg","contentUrl":"https:\/\/www.wiba-bauspenglerei.ch\/wp-content\/uploads\/2023\/05\/wibaa.jpg","width":1024,"height":1024,"caption":"WIBA Spenglerei & Flachdach GmbH"},{"@type":"BreadcrumbList","@id":"https:\/\/www.wiba-bauspenglerei.ch\/spenglerei\/#breadcrumb","itemListElement":[{"@type":"ListItem","position":1,"name":"Home","item":"https:\/\/www.wiba-bauspenglerei.ch\/"},{"@type":"ListItem","position":2,"name":"Spenglerei"}]},{"@type":"WebSite","@id":"https:\/\/www.wiba-bauspenglerei.ch\/#website","url":"https:\/\/www.wiba-bauspenglerei.ch\/","name":"WIBA Spenglerei &amp; Flachdach GmbH","description":"","publisher":{"@id":"https:\/\/www.wiba-bauspenglerei.ch\/#organization"},"inLanguage":"en-US"},{"@type":"Organization","@id":"https:\/\/www.wiba-bauspenglerei.ch\/#organization","name":"WIBA Spenglerei & Flachdach","url":"https:\/\/www.wiba-bauspenglerei.ch\/","logo":{"@type":"ImageObject","inLanguage":"en-US","@id":"https:\/\/www.wiba-bauspenglerei.ch\/#\/schema\/logo\/image\/","url":"https:\/\/www.wiba-bauspenglerei.ch\/wp-content\/uploads\/2023\/04\/cropped-wiba-siteicon.jpg","contentUrl":"https:\/\/www.wiba-bauspenglerei.ch\/wp-content\/uploads\/2023\/04\/cropped-wiba-siteicon.jpg","width":512,"height":512,"caption":"WIBA Spenglerei & Flachdach"},"image":{"@id":"https:\/\/www.wiba-bauspenglerei.ch\/#\/schema\/logo\/image\/"}}]}},"_links":{"self":[{"href":"https:\/\/www.wiba-bauspenglerei.ch\/en\/wp-json\/wp\/v2\/pages\/31245"}],"collection":[{"href":"https:\/\/www.wiba-bauspenglerei.ch\/en\/wp-json\/wp\/v2\/pages"}],"about":[{"href":"https:\/\/www.wiba-bauspenglerei.ch\/en\/wp-json\/wp\/v2\/types\/page"}],"author":[{"embeddable":true,"href":"https:\/\/www.wiba-bauspenglerei.ch\/en\/wp-json\/wp\/v2\/users\/1"}],"replies":[{"embeddable":true,"href":"https:\/\/www.wiba-bauspenglerei.ch\/en\/wp-json\/wp\/v2\/comments?post=31245"}],"version-history":[{"count":89,"href":"https:\/\/www.wiba-bauspenglerei.ch\/en\/wp-json\/wp\/v2\/pages\/31245\/revisions"}],"predecessor-version":[{"id":33238,"href":"https:\/\/www.wiba-bauspenglerei.ch\/en\/wp-json\/wp\/v2\/pages\/31245\/revisions\/33238"}],"wp:featuredmedia":[{"embeddable":true,"href":"https:\/\/www.wiba-bauspenglerei.ch\/en\/wp-json\/wp\/v2\/media\/32504"}],"wp:attachment":[{"href":"https:\/\/www.wiba-bauspenglerei.ch\/en\/wp-json\/wp\/v2\/media?parent=31245"}],"curies":[{"name":"wp","href":"https:\/\/api.w.org\/{rel}","templated":true}]}}